{"id":279,"date":"2022-10-21T12:54:45","date_gmt":"2022-10-21T12:54:45","guid":{"rendered":"https:\/\/country-flags.org\/?page_id=279"},"modified":"2023-02-07T18:16:53","modified_gmt":"2023-02-07T18:16:53","slug":"turkic-council","status":"publish","type":"page","link":"https:\/\/country-flags.org\/fr\/les-organisations\/turkic-council\/","title":{"rendered":"T\u00fcrk Conseil"},"content":{"rendered":"<div data-elementor-type=\"wp-page\" data-elementor-id=\"279\" class=\"elementor elementor-279\">\n\t\t\t\t\t\t\t\t\t<section class=\"elementor-section elementor-top-section elementor-element elementor-element-44fffad elementor-section-boxed elementor-section-height-default elementor-section-height-default\" data-id=\"44fffad\" data-element_type=\"section\">\n\t\t\t\t\t\t<div class=\"elementor-container elementor-column-gap-default\">\n\t\t\t\t\t<div class=\"elementor-column elementor-col-100 elementor-top-column elementor-element elementor-element-5ebf12f\" data-id=\"5ebf12f\" data-element_type=\"column\">\n\t\t\t<div class=\"elementor-widget-wrap elementor-element-populated\">\n\t\t\t\t\t\t\t\t<div class=\"elementor-element elementor-element-dff5b47 elementor-widget elementor-widget-heading\" data-id=\"dff5b47\" data-element_type=\"widget\" data-widget_type=\"heading.default\">\n\t\t\t\t<div class=\"elementor-widget-container\">\n\t\t\t<style>\/*! elementor - v3.15.0 - 20-08-2023 *\/\n.elementor-heading-title{padding:0;margin:0;line-height:1}.elementor-widget-heading .elementor-heading-title[class*=elementor-size-]>a{color:inherit;font-size:inherit;line-height:inherit}.elementor-widget-heading .elementor-heading-title.elementor-size-small{font-size:15px}.elementor-widget-heading .elementor-heading-title.elementor-size-medium{font-size:19px}.elementor-widget-heading .elementor-heading-title.elementor-size-large{font-size:29px}.elementor-widget-heading .elementor-heading-title.elementor-size-xl{font-size:39px}.elementor-widget-heading .elementor-heading-title.elementor-size-xxl{font-size:59px}<\/style><h1 class=\"elementor-heading-title elementor-size-default\">Les Turcs Conseil<\/h1>\t\t<\/div>\n\t\t\t\t<\/div>\n\t\t\t\t<div class=\"elementor-element elementor-element-63f9514 elementor-widget-divider--separator-type-pattern elementor-widget-divider--no-spacing elementor-widget-divider--view-line elementor-widget elementor-widget-divider\" data-id=\"63f9514\" data-element_type=\"widget\" data-widget_type=\"divider.default\">\n\t\t\t\t<div class=\"elementor-widget-container\">\n\t\t\t<style>\/*! elementor - v3.15.0 - 20-08-2023 *\/\n.elementor-widget-divider{--divider-border-style:none;--divider-border-width:1px;--divider-color:#0c0d0e;--divider-icon-size:20px;--divider-element-spacing:10px;--divider-pattern-height:24px;--divider-pattern-size:20px;--divider-pattern-url:none;--divider-pattern-repeat:repeat-x}.elementor-widget-divider .elementor-divider{display:flex}.elementor-widget-divider .elementor-divider__text{font-size:15px;line-height:1;max-width:95%}.elementor-widget-divider .elementor-divider__element{margin:0 var(--divider-element-spacing);flex-shrink:0}.elementor-widget-divider .elementor-icon{font-size:var(--divider-icon-size)}.elementor-widget-divider .elementor-divider-separator{display:flex;margin:0;direction:ltr}.elementor-widget-divider--view-line_icon .elementor-divider-separator,.elementor-widget-divider--view-line_text .elementor-divider-separator{align-items:center}.elementor-widget-divider--view-line_icon .elementor-divider-separator:after,.elementor-widget-divider--view-line_icon .elementor-divider-separator:before,.elementor-widget-divider--view-line_text .elementor-divider-separator:after,.elementor-widget-divider--view-line_text .elementor-divider-separator:before{display:block;content:\"\";border-bottom:0;flex-grow:1;border-top:var(--divider-border-width) var(--divider-border-style) var(--divider-color)}.elementor-widget-divider--element-align-left .elementor-divider .elementor-divider-separator>.elementor-divider__svg:first-of-type{flex-grow:0;flex-shrink:100}.elementor-widget-divider--element-align-left .elementor-divider-separator:before{content:none}.elementor-widget-divider--element-align-left .elementor-divider__element{margin-left:0}.elementor-widget-divider--element-align-right .elementor-divider .elementor-divider-separator>.elementor-divider__svg:last-of-type{flex-grow:0;flex-shrink:100}.elementor-widget-divider--element-align-right .elementor-divider-separator:after{content:none}.elementor-widget-divider--element-align-right .elementor-divider__element{margin-right:0}.elementor-widget-divider:not(.elementor-widget-divider--view-line_text):not(.elementor-widget-divider--view-line_icon) .elementor-divider-separator{border-top:var(--divider-border-width) var(--divider-border-style) var(--divider-color)}.elementor-widget-divider--separator-type-pattern{--divider-border-style:none}.elementor-widget-divider--separator-type-pattern.elementor-widget-divider--view-line .elementor-divider-separator,.elementor-widget-divider--separator-type-pattern:not(.elementor-widget-divider--view-line) .elementor-divider-separator:after,.elementor-widget-divider--separator-type-pattern:not(.elementor-widget-divider--view-line) .elementor-divider-separator:before,.elementor-widget-divider--separator-type-pattern:not([class*=elementor-widget-divider--view]) .elementor-divider-separator{width:100%;min-height:var(--divider-pattern-height);-webkit-mask-size:var(--divider-pattern-size) 100%;mask-size:var(--divider-pattern-size) 100%;-webkit-mask-repeat:var(--divider-pattern-repeat);mask-repeat:var(--divider-pattern-repeat);background-color:var(--divider-color);-webkit-mask-image:var(--divider-pattern-url);mask-image:var(--divider-pattern-url)}.elementor-widget-divider--no-spacing{--divider-pattern-size:auto}.elementor-widget-divider--bg-round{--divider-pattern-repeat:round}.rtl .elementor-widget-divider .elementor-divider__text{direction:rtl}.e-con-inner>.elementor-widget-divider,.e-con>.elementor-widget-divider{width:var(--container-widget-width,100%);--flex-grow:var(--container-widget-flex-grow)}<\/style>\t\t<div class=\"elementor-divider\" style=\"--divider-pattern-url: url(&quot;data:image\/svg+xml,%3Csvg xmlns=&#039;http:\/\/www.w3.org\/2000\/svg&#039; preserveAspectRatio=&#039;none&#039; overflow=&#039;visible&#039; height=&#039;100%&#039; viewBox=&#039;0 0 24 24&#039; fill=&#039;black&#039; stroke=&#039;none&#039;%3E%3Cpath d=&#039;M24,8v12H0V8H24z M24,4v1H0V4H24z&#039;\/%3E%3C\/svg%3E&quot;);\">\n\t\t\t<span class=\"elementor-divider-separator\">\n\t\t\t\t\t\t<\/span>\n\t\t<\/div>\n\t\t\t\t<\/div>\n\t\t\t\t<\/div>\n\t\t\t\t<div class=\"elementor-element elementor-element-5f10e09 elementor-widget elementor-widget-image\" data-id=\"5f10e09\" data-element_type=\"widget\" data-widget_type=\"image.default\">\n\t\t\t\t<div class=\"elementor-widget-container\">\n\t\t\t<style>\/*! elementor - v3.15.0 - 20-08-2023 *\/\n.elementor-widget-image{text-align:center}.elementor-widget-image a{display:inline-block}.elementor-widget-image a img[src$=\".svg\"]{width:48px}.elementor-widget-image img{vertical-align:middle;display:inline-block}<\/style>\t\t\t\t\t\t\t\t\t\t\t\t<img decoding=\"async\" width=\"580\" height=\"387\" src=\"https:\/\/country-flags.org\/wp-content\/uploads\/2022\/12\/turkic-council-flag.webp\" class=\"attachment-full size-full wp-image-642\" alt=\"T\u00fcrk Conseil drapeau\" srcset=\"https:\/\/country-flags.org\/wp-content\/uploads\/2022\/12\/turkic-council-flag.webp 580w, https:\/\/country-flags.org\/wp-content\/uploads\/2022\/12\/turkic-council-flag-300x200.webp 300w\" sizes=\"(max-width: 580px) 100vw, 580px\" \/>\t\t\t\t\t\t\t\t\t\t\t\t\t\t\t<\/div>\n\t\t\t\t<\/div>\n\t\t\t\t<div class=\"elementor-element elementor-element-dd90092 elementor-widget elementor-widget-text-editor\" data-id=\"dd90092\" data-element_type=\"widget\" data-widget_type=\"text-editor.default\">\n\t\t\t\t<div class=\"elementor-widget-container\">\n\t\t\t<style>\/*! elementor - v3.15.0 - 20-08-2023 *\/\n.elementor-widget-text-editor.elementor-drop-cap-view-stacked .elementor-drop-cap{background-color:#69727d;color:#fff}.elementor-widget-text-editor.elementor-drop-cap-view-framed .elementor-drop-cap{color:#69727d;border:3px solid;background-color:transparent}.elementor-widget-text-editor:not(.elementor-drop-cap-view-default) .elementor-drop-cap{margin-top:8px}.elementor-widget-text-editor:not(.elementor-drop-cap-view-default) .elementor-drop-cap-letter{width:1em;height:1em}.elementor-widget-text-editor .elementor-drop-cap{float:left;text-align:center;line-height:1;font-size:50px}.elementor-widget-text-editor .elementor-drop-cap-letter{display:inline-block}<\/style>\t\t\t\t<p>Le Turc, le Conseil est une organisation r\u00e9gionale compos\u00e9e de 5 \u00e9tats membres d&#039;Europe Orientale, en Asie Centrale et dans le Caucase. Elle a \u00e9t\u00e9 fond\u00e9e en 2009 avec pour objectif de promouvoir la coop\u00e9ration et l&#039;int\u00e9gration entre ses \u00e9tats membres et de la promotion de la d\u00e9mocratie, des droits de l&#039;homme et de la primaut\u00e9 du droit.<\/p><p>Le Turc, Conseil, dont le si\u00e8ge est \u00e0 Istanbul, en Turquie, et est dirig\u00e9 par un Secr\u00e9taire G\u00e9n\u00e9ral, qui est nomm\u00e9 par les \u00e9tats membres. Il a un certain nombre de comit\u00e9s et de groupes de travail qui se concentrent sur des domaines de pr\u00e9occupation, tels que le d\u00e9veloppement \u00e9conomique, du commerce, de la s\u00e9curit\u00e9 et de la sant\u00e9.<\/p><p>The Turkic Council has a number of programs and initiatives in place to promote cooperation and integration in Eastern Europe, Central Asia, and the Caucasus, including trade, economic development, education, and health. It also has a number of specialized agencies, such as the Turkic Academy and the Turkic Culture and Heritage Foundation, which work on specific issues related to the organization's mandate.<\/p><p>The Turkic Council holds a number of meetings and events throughout the year, including the Summit of Heads of State and Government, which brings together the leaders of the member states to discuss issues of common concern. The organization also has a number of sporting events, such as the Turkic Games, which are held every four years.<\/p>\t\t\t\t\t\t<\/div>\n\t\t\t\t<\/div>\n\t\t\t\t<div class=\"elementor-element elementor-element-0bb65ec elementor-widget elementor-widget-heading\" data-id=\"0bb65ec\" data-element_type=\"widget\" data-widget_type=\"heading.default\">\n\t\t\t\t<div class=\"elementor-widget-container\">\n\t\t\t<h2 class=\"elementor-heading-title elementor-size-default\">The Turkic Council members<\/h2>\t\t<\/div>\n\t\t\t\t<\/div>\n\t\t\t\t<div class=\"elementor-element elementor-element-661f2c4 elementor-widget-divider--separator-type-pattern elementor-widget-divider--no-spacing elementor-widget-divider--view-line elementor-widget elementor-widget-divider\" data-id=\"661f2c4\" data-element_type=\"widget\" data-widget_type=\"divider.default\">\n\t\t\t\t<div class=\"elementor-widget-container\">\n\t\t\t\t\t<div class=\"elementor-divider\" style=\"--divider-pattern-url: url(&quot;data:image\/svg+xml,%3Csvg xmlns=&#039;http:\/\/www.w3.org\/2000\/svg&#039; preserveAspectRatio=&#039;none&#039; overflow=&#039;visible&#039; height=&#039;100%&#039; viewBox=&#039;0 0 24 24&#039; fill=&#039;black&#039; stroke=&#039;none&#039;%3E%3Cpath d=&#039;M24,8v12H0V8H24z M24,4v1H0V4H24z&#039;\/%3E%3C\/svg%3E&quot;);\">\n\t\t\t<span class=\"elementor-divider-separator\">\n\t\t\t\t\t\t<\/span>\n\t\t<\/div>\n\t\t\t\t<\/div>\n\t\t\t\t<\/div>\n\t\t\t\t\t<\/div>\n\t\t<\/div>\n\t\t\t\t\t\t\t<\/div>\n\t\t<\/section>\n\t\t\t\t<section class=\"elementor-section elementor-top-section elementor-element elementor-element-56ddba1 elementor-section-boxed elementor-section-height-default elementor-section-height-default\" data-id=\"56ddba1\" data-element_type=\"section\">\n\t\t\t\t\t\t<div class=\"elementor-container elementor-column-gap-default\">\n\t\t\t\t\t<div class=\"elementor-column elementor-col-100 elementor-top-column elementor-element elementor-element-4e53f0c\" data-id=\"4e53f0c\" data-element_type=\"column\">\n\t\t\t<div class=\"elementor-widget-wrap elementor-element-populated\">\n\t\t\t\t\t\t\t\t<div class=\"elementor-element elementor-element-641cac7 elementor-grid-3 elementor-grid-tablet-2 elementor-grid-mobile-1 elementor-widget elementor-widget-pp-logo-grid\" data-id=\"641cac7\" data-element_type=\"widget\" data-settings=\"{&quot;columns&quot;:&quot;3&quot;,&quot;columns_tablet&quot;:&quot;2&quot;,&quot;columns_mobile&quot;:&quot;1&quot;}\" data-widget_type=\"pp-logo-grid.default\">\n\t\t\t\t<div class=\"elementor-widget-container\">\n\t\t\t\t\t<div class=\"pp-logo-grid pp-elementor-grid clearfix\">\n\t\t\t\t\t\t\t\t<div class=\"pp-grid-item-wrap elementor-repeater-item-d0225e5\">\n\t\t\t\t\t\t<div class=\"pp-grid-item\">\n\t\t\t\t\t\t\t\t\t\t\t\t\t<a href=\"https:\/\/country-flags.org\/fr\/flags\/azerbaijan-flag\/\">\n\t\t\t\t\t\t\t<img decoding=\"async\" src=\"https:\/\/country-flags.org\/wp-content\/uploads\/2022\/12\/azerbaijan-flag-300x150.webp\" alt=\"Drapeau de l&#039;azerba\u00efdjan\" \/>\t\t\t\t\t\t\t<\/a>\n\t\t\t\t\t\t\t\t\t\t\t\t\t<\/div>\n\t\t\t\t\t\t\t\t\t\t\t\t\t<div class=\"pp-logo-grid-title\">\n\t\t\t\t\t\t\t\t\t\t\t\t\t\t\t<a href=\"https:\/\/country-flags.org\/fr\/flags\/azerbaijan-flag\/\">\n\t\t\t\t\t\t\t\tL&#039;azerba\u00efdjan\t\t\t\t\t\t\t\t<\/a>\n\t\t\t\t\t\t\t\t\t\t\t\t\t\t\t<\/div>\n\t\t\t\t\t\t\t\t\t\t\t\t<\/div>\n\t\t\t\t\t\t\t\t\t\t<div class=\"pp-grid-item-wrap elementor-repeater-item-04d1dda\">\n\t\t\t\t\t\t<div class=\"pp-grid-item\">\n\t\t\t\t\t\t\t\t\t\t\t\t\t<a href=\"https:\/\/country-flags.org\/fr\/flags\/kazakhstan-flag\/\">\n\t\t\t\t\t\t\t<img decoding=\"async\" src=\"https:\/\/country-flags.org\/wp-content\/uploads\/2023\/01\/kazakhstan-flag-300x150.webp\" alt=\"Kazakhstan drapeau\" \/>\t\t\t\t\t\t\t<\/a>\n\t\t\t\t\t\t\t\t\t\t\t\t\t<\/div>\n\t\t\t\t\t\t\t\t\t\t\t\t\t<div class=\"pp-logo-grid-title\">\n\t\t\t\t\t\t\t\t\t\t\t\t\t\t\t<a href=\"https:\/\/country-flags.org\/fr\/flags\/kazakhstan-flag\/\">\n\t\t\t\t\t\t\t\tKazakhstan\t\t\t\t\t\t\t\t<\/a>\n\t\t\t\t\t\t\t\t\t\t\t\t\t\t\t<\/div>\n\t\t\t\t\t\t\t\t\t\t\t\t<\/div>\n\t\t\t\t\t\t\t\t\t\t<div class=\"pp-grid-item-wrap elementor-repeater-item-d76ac9c\">\n\t\t\t\t\t\t<div class=\"pp-grid-item\">\n\t\t\t\t\t\t\t\t\t\t\t\t\t<a href=\"https:\/\/country-flags.org\/fr\/flags\/kyrgyzstan-flag\/\">\n\t\t\t\t\t\t\t<img decoding=\"async\" src=\"https:\/\/country-flags.org\/wp-content\/uploads\/2023\/01\/kyrgyzstan-flag-300x180.webp\" alt=\"Le kirghizistan drapeau\" \/>\t\t\t\t\t\t\t<\/a>\n\t\t\t\t\t\t\t\t\t\t\t\t\t<\/div>\n\t\t\t\t\t\t\t\t\t\t\t\t\t<div class=\"pp-logo-grid-title\">\n\t\t\t\t\t\t\t\t\t\t\t\t\t\t\t<a href=\"https:\/\/country-flags.org\/fr\/flags\/kyrgyzstan-flag\/\">\n\t\t\t\t\t\t\t\tKirghizistan\t\t\t\t\t\t\t\t<\/a>\n\t\t\t\t\t\t\t\t\t\t\t\t\t\t\t<\/div>\n\t\t\t\t\t\t\t\t\t\t\t\t<\/div>\n\t\t\t\t\t\t\t\t\t\t<div class=\"pp-grid-item-wrap elementor-repeater-item-809cc55\">\n\t\t\t\t\t\t<div class=\"pp-grid-item\">\n\t\t\t\t\t\t\t\t\t\t\t\t\t<a href=\"https:\/\/country-flags.org\/fr\/flags\/turkey-flag\/\">\n\t\t\t\t\t\t\t<img decoding=\"async\" src=\"https:\/\/country-flags.org\/wp-content\/uploads\/2023\/01\/turkey-flag-300x200.webp\" alt=\"Drapeau de dinde\" \/>\t\t\t\t\t\t\t<\/a>\n\t\t\t\t\t\t\t\t\t\t\t\t\t<\/div>\n\t\t\t\t\t\t\t\t\t\t\t\t\t<div class=\"pp-logo-grid-title\">\n\t\t\t\t\t\t\t\t\t\t\t\t\t\t\t<a href=\"https:\/\/country-flags.org\/fr\/flags\/turkey-flag\/\">\n\t\t\t\t\t\t\t\tLa turquie\t\t\t\t\t\t\t\t<\/a>\n\t\t\t\t\t\t\t\t\t\t\t\t\t\t\t<\/div>\n\t\t\t\t\t\t\t\t\t\t\t\t<\/div>\n\t\t\t\t\t\t\t\t\t\t<div class=\"pp-grid-item-wrap elementor-repeater-item-6ef1eeb\">\n\t\t\t\t\t\t<div class=\"pp-grid-item\">\n\t\t\t\t\t\t\t\t\t\t\t\t\t<a href=\"https:\/\/country-flags.org\/fr\/flags\/uzbekistan-flag\/\">\n\t\t\t\t\t\t\t<img decoding=\"async\" src=\"https:\/\/country-flags.org\/wp-content\/uploads\/2023\/01\/uzbekistan-flag-300x150.webp\" alt=\"Drapeau de l&#039;ouzb\u00e9kistan\" \/>\t\t\t\t\t\t\t<\/a>\n\t\t\t\t\t\t\t\t\t\t\t\t\t<\/div>\n\t\t\t\t\t\t\t\t\t\t\t\t\t<div class=\"pp-logo-grid-title\">\n\t\t\t\t\t\t\t\t\t\t\t\t\t\t\t<a href=\"https:\/\/country-flags.org\/fr\/flags\/uzbekistan-flag\/\">\n\t\t\t\t\t\t\t\tOuzb\u00e9kistan\t\t\t\t\t\t\t\t<\/a>\n\t\t\t\t\t\t\t\t\t\t\t\t\t\t\t<\/div>\n\t\t\t\t\t\t\t\t\t\t\t\t<\/div>\n\t\t\t\t\t\t\t<\/div>\n\t\t\t\t<\/div>\n\t\t\t\t<\/div>\n\t\t\t\t\t<\/div>\n\t\t<\/div>\n\t\t\t\t\t\t\t<\/div>\n\t\t<\/section>\n\t\t\t\t\t\t\t<\/div>","protected":false},"excerpt":{"rendered":"<p>The Turkic Council The Turkic Council is a regional organization comprising 5 member states in Eastern Europe, Central Asia, and the Caucasus. It was founded in 2009 with the aim of promoting cooperation and integration among its member states and promoting democracy, human rights, and the rule of law. The Turkic Council is headquartered in &hellip;<\/p>\n<p class=\"read-more\"> <a class=\"\" href=\"https:\/\/country-flags.org\/fr\/les-organisations\/turkic-council\/\"> <span class=\"screen-reader-text\">T\u00fcrk Conseil<\/span> Lire la suite \u00bb<\/a><\/p>","protected":false},"author":1,"featured_media":642,"parent":173,"menu_order":0,"comment_status":"closed","ping_status":"closed","template":"","meta":{"site-sidebar-layout":"right-sidebar","site-content-layout":"boxed-container","ast-main-header-display":"","ast-hfb-above-header-display":"","ast-hfb-below-header-display":"","ast-hfb-mobile-header-display":"","site-post-title":"disabled","ast-breadcrumbs-content":"","ast-featured-img":"disabled","footer-sml-layout":"","theme-transparent-header-meta":"default","adv-header-id-meta":"","stick-header-meta":"","header-above-stick-meta":"","header-main-stick-meta":"","header-below-stick-meta":"","footnotes":""},"class_list":["post-279","page","type-page","status-publish","has-post-thumbnail","hentry"],"_links":{"self":[{"href":"https:\/\/country-flags.org\/fr\/wp-json\/wp\/v2\/pages\/279","targetHints":{"allow":["GET"]}}],"collection":[{"href":"https:\/\/country-flags.org\/fr\/wp-json\/wp\/v2\/pages"}],"about":[{"href":"https:\/\/country-flags.org\/fr\/wp-json\/wp\/v2\/types\/page"}],"author":[{"embeddable":true,"href":"https:\/\/country-flags.org\/fr\/wp-json\/wp\/v2\/users\/1"}],"replies":[{"embeddable":true,"href":"https:\/\/country-flags.org\/fr\/wp-json\/wp\/v2\/comments?post=279"}],"version-history":[{"count":10,"href":"https:\/\/country-flags.org\/fr\/wp-json\/wp\/v2\/pages\/279\/revisions"}],"predecessor-version":[{"id":4494,"href":"https:\/\/country-flags.org\/fr\/wp-json\/wp\/v2\/pages\/279\/revisions\/4494"}],"up":[{"embeddable":true,"href":"https:\/\/country-flags.org\/fr\/wp-json\/wp\/v2\/pages\/173"}],"wp:featuredmedia":[{"embeddable":true,"href":"https:\/\/country-flags.org\/fr\/wp-json\/wp\/v2\/media\/642"}],"wp:attachment":[{"href":"https:\/\/country-flags.org\/fr\/wp-json\/wp\/v2\/media?parent=279"}],"curies":[{"name":"wp","href":"https:\/\/api.w.org\/{rel}","templated":true}]}}