{"id":272,"date":"2022-10-21T12:53:15","date_gmt":"2022-10-21T12:53:15","guid":{"rendered":"https:\/\/country-flags.org\/?page_id=272"},"modified":"2023-02-07T18:24:25","modified_gmt":"2023-02-07T18:24:25","slug":"commonwealth-of-independent-states","status":"publish","type":"page","link":"https:\/\/country-flags.org\/fr\/les-organisations\/commonwealth-of-independent-states\/","title":{"rendered":"Communaut\u00e9 des \u00c9tats Ind\u00e9pendants"},"content":{"rendered":"<div data-elementor-type=\"wp-page\" data-elementor-id=\"272\" class=\"elementor elementor-272\">\n\t\t\t\t\t\t\t\t\t<section class=\"elementor-section elementor-top-section elementor-element elementor-element-50daf46 elementor-section-boxed elementor-section-height-default elementor-section-height-default\" data-id=\"50daf46\" data-element_type=\"section\">\n\t\t\t\t\t\t<div class=\"elementor-container elementor-column-gap-default\">\n\t\t\t\t\t<div class=\"elementor-column elementor-col-100 elementor-top-column elementor-element elementor-element-8bcfc06\" data-id=\"8bcfc06\" data-element_type=\"column\">\n\t\t\t<div class=\"elementor-widget-wrap elementor-element-populated\">\n\t\t\t\t\t\t\t\t<div class=\"elementor-element elementor-element-83d05a8 elementor-widget elementor-widget-heading\" data-id=\"83d05a8\" data-element_type=\"widget\" data-widget_type=\"heading.default\">\n\t\t\t\t<div class=\"elementor-widget-container\">\n\t\t\t<style>\/*! elementor - v3.15.0 - 20-08-2023 *\/\n.elementor-heading-title{padding:0;margin:0;line-height:1}.elementor-widget-heading .elementor-heading-title[class*=elementor-size-]>a{color:inherit;font-size:inherit;line-height:inherit}.elementor-widget-heading .elementor-heading-title.elementor-size-small{font-size:15px}.elementor-widget-heading .elementor-heading-title.elementor-size-medium{font-size:19px}.elementor-widget-heading .elementor-heading-title.elementor-size-large{font-size:29px}.elementor-widget-heading .elementor-heading-title.elementor-size-xl{font-size:39px}.elementor-widget-heading .elementor-heading-title.elementor-size-xxl{font-size:59px}<\/style><h1 class=\"elementor-heading-title elementor-size-default\">The Commonwealth of Independent States (CIS)<\/h1>\t\t<\/div>\n\t\t\t\t<\/div>\n\t\t\t\t<div class=\"elementor-element elementor-element-1180bfc elementor-widget-divider--separator-type-pattern elementor-widget-divider--no-spacing elementor-widget-divider--view-line elementor-widget elementor-widget-divider\" data-id=\"1180bfc\" data-element_type=\"widget\" data-widget_type=\"divider.default\">\n\t\t\t\t<div class=\"elementor-widget-container\">\n\t\t\t<style>\/*! elementor - v3.15.0 - 20-08-2023 *\/\n.elementor-widget-divider{--divider-border-style:none;--divider-border-width:1px;--divider-color:#0c0d0e;--divider-icon-size:20px;--divider-element-spacing:10px;--divider-pattern-height:24px;--divider-pattern-size:20px;--divider-pattern-url:none;--divider-pattern-repeat:repeat-x}.elementor-widget-divider .elementor-divider{display:flex}.elementor-widget-divider .elementor-divider__text{font-size:15px;line-height:1;max-width:95%}.elementor-widget-divider .elementor-divider__element{margin:0 var(--divider-element-spacing);flex-shrink:0}.elementor-widget-divider .elementor-icon{font-size:var(--divider-icon-size)}.elementor-widget-divider .elementor-divider-separator{display:flex;margin:0;direction:ltr}.elementor-widget-divider--view-line_icon .elementor-divider-separator,.elementor-widget-divider--view-line_text .elementor-divider-separator{align-items:center}.elementor-widget-divider--view-line_icon .elementor-divider-separator:after,.elementor-widget-divider--view-line_icon .elementor-divider-separator:before,.elementor-widget-divider--view-line_text .elementor-divider-separator:after,.elementor-widget-divider--view-line_text .elementor-divider-separator:before{display:block;content:\"\";border-bottom:0;flex-grow:1;border-top:var(--divider-border-width) var(--divider-border-style) var(--divider-color)}.elementor-widget-divider--element-align-left .elementor-divider .elementor-divider-separator>.elementor-divider__svg:first-of-type{flex-grow:0;flex-shrink:100}.elementor-widget-divider--element-align-left .elementor-divider-separator:before{content:none}.elementor-widget-divider--element-align-left .elementor-divider__element{margin-left:0}.elementor-widget-divider--element-align-right .elementor-divider .elementor-divider-separator>.elementor-divider__svg:last-of-type{flex-grow:0;flex-shrink:100}.elementor-widget-divider--element-align-right .elementor-divider-separator:after{content:none}.elementor-widget-divider--element-align-right .elementor-divider__element{margin-right:0}.elementor-widget-divider:not(.elementor-widget-divider--view-line_text):not(.elementor-widget-divider--view-line_icon) .elementor-divider-separator{border-top:var(--divider-border-width) var(--divider-border-style) var(--divider-color)}.elementor-widget-divider--separator-type-pattern{--divider-border-style:none}.elementor-widget-divider--separator-type-pattern.elementor-widget-divider--view-line .elementor-divider-separator,.elementor-widget-divider--separator-type-pattern:not(.elementor-widget-divider--view-line) .elementor-divider-separator:after,.elementor-widget-divider--separator-type-pattern:not(.elementor-widget-divider--view-line) .elementor-divider-separator:before,.elementor-widget-divider--separator-type-pattern:not([class*=elementor-widget-divider--view]) .elementor-divider-separator{width:100%;min-height:var(--divider-pattern-height);-webkit-mask-size:var(--divider-pattern-size) 100%;mask-size:var(--divider-pattern-size) 100%;-webkit-mask-repeat:var(--divider-pattern-repeat);mask-repeat:var(--divider-pattern-repeat);background-color:var(--divider-color);-webkit-mask-image:var(--divider-pattern-url);mask-image:var(--divider-pattern-url)}.elementor-widget-divider--no-spacing{--divider-pattern-size:auto}.elementor-widget-divider--bg-round{--divider-pattern-repeat:round}.rtl .elementor-widget-divider .elementor-divider__text{direction:rtl}.e-con-inner>.elementor-widget-divider,.e-con>.elementor-widget-divider{width:var(--container-widget-width,100%);--flex-grow:var(--container-widget-flex-grow)}<\/style>\t\t<div class=\"elementor-divider\" style=\"--divider-pattern-url: url(&quot;data:image\/svg+xml,%3Csvg xmlns=&#039;http:\/\/www.w3.org\/2000\/svg&#039; preserveAspectRatio=&#039;none&#039; overflow=&#039;visible&#039; height=&#039;100%&#039; viewBox=&#039;0 0 24 24&#039; fill=&#039;black&#039; stroke=&#039;none&#039;%3E%3Cpath d=&#039;M24,8v12H0V8H24z M24,4v1H0V4H24z&#039;\/%3E%3C\/svg%3E&quot;);\">\n\t\t\t<span class=\"elementor-divider-separator\">\n\t\t\t\t\t\t<\/span>\n\t\t<\/div>\n\t\t\t\t<\/div>\n\t\t\t\t<\/div>\n\t\t\t\t<div class=\"elementor-element elementor-element-61d7d9e elementor-widget elementor-widget-image\" data-id=\"61d7d9e\" data-element_type=\"widget\" data-widget_type=\"image.default\">\n\t\t\t\t<div class=\"elementor-widget-container\">\n\t\t\t<style>\/*! elementor - v3.15.0 - 20-08-2023 *\/\n.elementor-widget-image{text-align:center}.elementor-widget-image a{display:inline-block}.elementor-widget-image a img[src$=\".svg\"]{width:48px}.elementor-widget-image img{vertical-align:middle;display:inline-block}<\/style>\t\t\t\t\t\t\t\t\t\t\t\t<img decoding=\"async\" width=\"580\" height=\"290\" src=\"https:\/\/country-flags.org\/wp-content\/uploads\/2022\/12\/commonwealth-of-independent-states-flag.webp\" class=\"attachment-full size-full wp-image-628\" alt=\"Communaut\u00e9 des \u00c9tats Ind\u00e9pendants drapeau\" srcset=\"https:\/\/country-flags.org\/wp-content\/uploads\/2022\/12\/commonwealth-of-independent-states-flag.webp 580w, https:\/\/country-flags.org\/wp-content\/uploads\/2022\/12\/commonwealth-of-independent-states-flag-300x150.webp 300w\" sizes=\"(max-width: 580px) 100vw, 580px\" \/>\t\t\t\t\t\t\t\t\t\t\t\t\t\t\t<\/div>\n\t\t\t\t<\/div>\n\t\t\t\t<div class=\"elementor-element elementor-element-3322bf0 elementor-widget elementor-widget-text-editor\" data-id=\"3322bf0\" data-element_type=\"widget\" data-widget_type=\"text-editor.default\">\n\t\t\t\t<div class=\"elementor-widget-container\">\n\t\t\t<style>\/*! elementor - v3.15.0 - 20-08-2023 *\/\n.elementor-widget-text-editor.elementor-drop-cap-view-stacked .elementor-drop-cap{background-color:#69727d;color:#fff}.elementor-widget-text-editor.elementor-drop-cap-view-framed .elementor-drop-cap{color:#69727d;border:3px solid;background-color:transparent}.elementor-widget-text-editor:not(.elementor-drop-cap-view-default) .elementor-drop-cap{margin-top:8px}.elementor-widget-text-editor:not(.elementor-drop-cap-view-default) .elementor-drop-cap-letter{width:1em;height:1em}.elementor-widget-text-editor .elementor-drop-cap{float:left;text-align:center;line-height:1;font-size:50px}.elementor-widget-text-editor .elementor-drop-cap-letter{display:inline-block}<\/style>\t\t\t\t<p>The Commonwealth of Independent States (CIS) is a regional organization comprising 9 member states in Eastern Europe and Central Asia. It was founded in 1991 with the aim of promoting cooperation and integration among its member states and promoting democracy, human rights, and the rule of law.<\/p><p>The CIS is headquartered in Minsk, Belarus, and is led by a Chairman, who is appointed by the member states. It has a number of committees and working groups that focus on specific areas of concern, such as economic development, trade, security, and health.<\/p><p>The CIS has a number of programs and initiatives in place to promote cooperation and integration in Eastern Europe and Central Asia, including trade, economic development, education, and health. It also has a number of specialized agencies, such as the CIS Executive Committee and the CIS Collective Security Council, which work on specific issues related to the organization's mandate.<\/p><p>The CIS holds a number of meetings and events throughout the year, including the Summit of Heads of State and Government, which brings together the leaders of the member states to discuss issues of common concern. The organization also has a number of sporting events, such as the CIS Games, which are held every four years.<\/p>\t\t\t\t\t\t<\/div>\n\t\t\t\t<\/div>\n\t\t\t\t<div class=\"elementor-element elementor-element-344a6aa elementor-widget elementor-widget-heading\" data-id=\"344a6aa\" data-element_type=\"widget\" data-widget_type=\"heading.default\">\n\t\t\t\t<div class=\"elementor-widget-container\">\n\t\t\t<h2 class=\"elementor-heading-title elementor-size-default\">The Commonwealth of Independent States (CIS) members<\/h2>\t\t<\/div>\n\t\t\t\t<\/div>\n\t\t\t\t<div class=\"elementor-element elementor-element-0dd3b0e elementor-widget-divider--separator-type-pattern elementor-widget-divider--no-spacing elementor-widget-divider--view-line elementor-widget elementor-widget-divider\" data-id=\"0dd3b0e\" data-element_type=\"widget\" data-widget_type=\"divider.default\">\n\t\t\t\t<div class=\"elementor-widget-container\">\n\t\t\t\t\t<div class=\"elementor-divider\" style=\"--divider-pattern-url: url(&quot;data:image\/svg+xml,%3Csvg xmlns=&#039;http:\/\/www.w3.org\/2000\/svg&#039; preserveAspectRatio=&#039;none&#039; overflow=&#039;visible&#039; height=&#039;100%&#039; viewBox=&#039;0 0 24 24&#039; fill=&#039;black&#039; stroke=&#039;none&#039;%3E%3Cpath d=&#039;M24,8v12H0V8H24z M24,4v1H0V4H24z&#039;\/%3E%3C\/svg%3E&quot;);\">\n\t\t\t<span class=\"elementor-divider-separator\">\n\t\t\t\t\t\t<\/span>\n\t\t<\/div>\n\t\t\t\t<\/div>\n\t\t\t\t<\/div>\n\t\t\t\t\t<\/div>\n\t\t<\/div>\n\t\t\t\t\t\t\t<\/div>\n\t\t<\/section>\n\t\t\t\t<section class=\"elementor-section elementor-top-section elementor-element elementor-element-95cbd70 elementor-section-boxed elementor-section-height-default elementor-section-height-default\" data-id=\"95cbd70\" data-element_type=\"section\">\n\t\t\t\t\t\t<div class=\"elementor-container elementor-column-gap-default\">\n\t\t\t\t\t<div class=\"elementor-column elementor-col-100 elementor-top-column elementor-element elementor-element-f98887d\" data-id=\"f98887d\" data-element_type=\"column\">\n\t\t\t<div class=\"elementor-widget-wrap elementor-element-populated\">\n\t\t\t\t\t\t\t\t<div class=\"elementor-element elementor-element-1f9485c elementor-grid-3 elementor-grid-tablet-2 elementor-grid-mobile-1 elementor-widget elementor-widget-pp-logo-grid\" data-id=\"1f9485c\" data-element_type=\"widget\" data-settings=\"{&quot;columns&quot;:&quot;3&quot;,&quot;columns_tablet&quot;:&quot;2&quot;,&quot;columns_mobile&quot;:&quot;1&quot;}\" data-widget_type=\"pp-logo-grid.default\">\n\t\t\t\t<div class=\"elementor-widget-container\">\n\t\t\t\t\t<div class=\"pp-logo-grid pp-elementor-grid clearfix\">\n\t\t\t\t\t\t\t\t<div class=\"pp-grid-item-wrap elementor-repeater-item-d0225e5\">\n\t\t\t\t\t\t<div class=\"pp-grid-item\">\n\t\t\t\t\t\t\t\t\t\t\t\t\t<a href=\"https:\/\/country-flags.org\/fr\/flags\/armenia-flag\/\">\n\t\t\t\t\t\t\t<img decoding=\"async\" src=\"https:\/\/country-flags.org\/wp-content\/uploads\/2023\/01\/armenia-flag-300x150.webp\" alt=\"Drapeau de l&#039;arm\u00e9nie\" \/>\t\t\t\t\t\t\t<\/a>\n\t\t\t\t\t\t\t\t\t\t\t\t\t<\/div>\n\t\t\t\t\t\t\t\t\t\t\t\t\t<div class=\"pp-logo-grid-title\">\n\t\t\t\t\t\t\t\t\t\t\t\t\t\t\t<a href=\"https:\/\/country-flags.org\/fr\/flags\/armenia-flag\/\">\n\t\t\t\t\t\t\t\tL&#039;arm\u00e9nie\t\t\t\t\t\t\t\t<\/a>\n\t\t\t\t\t\t\t\t\t\t\t\t\t\t\t<\/div>\n\t\t\t\t\t\t\t\t\t\t\t\t<\/div>\n\t\t\t\t\t\t\t\t\t\t<div class=\"pp-grid-item-wrap elementor-repeater-item-e78ca18\">\n\t\t\t\t\t\t<div class=\"pp-grid-item\">\n\t\t\t\t\t\t\t\t\t\t\t\t\t<a href=\"https:\/\/country-flags.org\/fr\/flags\/azerbaijan-flag\/\">\n\t\t\t\t\t\t\t<img decoding=\"async\" src=\"https:\/\/country-flags.org\/wp-content\/uploads\/2022\/12\/azerbaijan-flag-300x150.webp\" alt=\"Drapeau de l&#039;azerba\u00efdjan\" \/>\t\t\t\t\t\t\t<\/a>\n\t\t\t\t\t\t\t\t\t\t\t\t\t<\/div>\n\t\t\t\t\t\t\t\t\t\t\t\t\t<div class=\"pp-logo-grid-title\">\n\t\t\t\t\t\t\t\t\t\t\t\t\t\t\t<a href=\"https:\/\/country-flags.org\/fr\/flags\/azerbaijan-flag\/\">\n\t\t\t\t\t\t\t\tL&#039;azerba\u00efdjan\t\t\t\t\t\t\t\t<\/a>\n\t\t\t\t\t\t\t\t\t\t\t\t\t\t\t<\/div>\n\t\t\t\t\t\t\t\t\t\t\t\t<\/div>\n\t\t\t\t\t\t\t\t\t\t<div class=\"pp-grid-item-wrap elementor-repeater-item-8a2218b\">\n\t\t\t\t\t\t<div class=\"pp-grid-item\">\n\t\t\t\t\t\t\t\t\t\t\t\t\t<a href=\"https:\/\/country-flags.org\/fr\/flags\/belarus-flag\/\">\n\t\t\t\t\t\t\t<img decoding=\"async\" src=\"https:\/\/country-flags.org\/wp-content\/uploads\/2023\/01\/belarus-flag-300x150.webp\" alt=\"Drapeau de la bi\u00e9lorussie\" \/>\t\t\t\t\t\t\t<\/a>\n\t\t\t\t\t\t\t\t\t\t\t\t\t<\/div>\n\t\t\t\t\t\t\t\t\t\t\t\t\t<div class=\"pp-logo-grid-title\">\n\t\t\t\t\t\t\t\t\t\t\t\t\t\t\t<a href=\"https:\/\/country-flags.org\/fr\/flags\/belarus-flag\/\">\n\t\t\t\t\t\t\t\tLa bi\u00e9lorussie\t\t\t\t\t\t\t\t<\/a>\n\t\t\t\t\t\t\t\t\t\t\t\t\t\t\t<\/div>\n\t\t\t\t\t\t\t\t\t\t\t\t<\/div>\n\t\t\t\t\t\t\t\t\t\t<div class=\"pp-grid-item-wrap elementor-repeater-item-390b523\">\n\t\t\t\t\t\t<div class=\"pp-grid-item\">\n\t\t\t\t\t\t\t\t\t\t\t\t\t<a href=\"https:\/\/country-flags.org\/fr\/flags\/kazakhstan-flag\/\">\n\t\t\t\t\t\t\t<img decoding=\"async\" src=\"https:\/\/country-flags.org\/wp-content\/uploads\/2023\/01\/kazakhstan-flag-300x150.webp\" alt=\"Kazakhstan drapeau\" \/>\t\t\t\t\t\t\t<\/a>\n\t\t\t\t\t\t\t\t\t\t\t\t\t<\/div>\n\t\t\t\t\t\t\t\t\t\t\t\t\t<div class=\"pp-logo-grid-title\">\n\t\t\t\t\t\t\t\t\t\t\t\t\t\t\t<a href=\"https:\/\/country-flags.org\/fr\/flags\/kazakhstan-flag\/\">\n\t\t\t\t\t\t\t\tKazakhstan\t\t\t\t\t\t\t\t<\/a>\n\t\t\t\t\t\t\t\t\t\t\t\t\t\t\t<\/div>\n\t\t\t\t\t\t\t\t\t\t\t\t<\/div>\n\t\t\t\t\t\t\t\t\t\t<div class=\"pp-grid-item-wrap elementor-repeater-item-ca187e3\">\n\t\t\t\t\t\t<div class=\"pp-grid-item\">\n\t\t\t\t\t\t\t\t\t\t\t\t\t<a href=\"https:\/\/country-flags.org\/fr\/flags\/kyrgyzstan-flag\/\">\n\t\t\t\t\t\t\t<img decoding=\"async\" src=\"https:\/\/country-flags.org\/wp-content\/uploads\/2023\/01\/kyrgyzstan-flag-300x180.webp\" alt=\"Le kirghizistan drapeau\" \/>\t\t\t\t\t\t\t<\/a>\n\t\t\t\t\t\t\t\t\t\t\t\t\t<\/div>\n\t\t\t\t\t\t\t\t\t\t\t\t\t<div class=\"pp-logo-grid-title\">\n\t\t\t\t\t\t\t\t\t\t\t\t\t\t\t<a href=\"https:\/\/country-flags.org\/fr\/flags\/kyrgyzstan-flag\/\">\n\t\t\t\t\t\t\t\tKirghizistan\t\t\t\t\t\t\t\t<\/a>\n\t\t\t\t\t\t\t\t\t\t\t\t\t\t\t<\/div>\n\t\t\t\t\t\t\t\t\t\t\t\t<\/div>\n\t\t\t\t\t\t\t\t\t\t<div class=\"pp-grid-item-wrap elementor-repeater-item-2b8b90a\">\n\t\t\t\t\t\t<div class=\"pp-grid-item\">\n\t\t\t\t\t\t\t\t\t\t\t\t\t<a href=\"https:\/\/country-flags.org\/fr\/flags\/moldova-flag\/\">\n\t\t\t\t\t\t\t<img decoding=\"async\" src=\"https:\/\/country-flags.org\/wp-content\/uploads\/2023\/01\/moldova-flag-300x150.webp\" alt=\"Drapeau de la moldavie\" \/>\t\t\t\t\t\t\t<\/a>\n\t\t\t\t\t\t\t\t\t\t\t\t\t<\/div>\n\t\t\t\t\t\t\t\t\t\t\t\t\t<div class=\"pp-logo-grid-title\">\n\t\t\t\t\t\t\t\t\t\t\t\t\t\t\t<a href=\"https:\/\/country-flags.org\/fr\/flags\/moldova-flag\/\">\n\t\t\t\t\t\t\t\tLa moldavie\t\t\t\t\t\t\t\t<\/a>\n\t\t\t\t\t\t\t\t\t\t\t\t\t\t\t<\/div>\n\t\t\t\t\t\t\t\t\t\t\t\t<\/div>\n\t\t\t\t\t\t\t\t\t\t<div class=\"pp-grid-item-wrap elementor-repeater-item-5e1aa84\">\n\t\t\t\t\t\t<div class=\"pp-grid-item\">\n\t\t\t\t\t\t\t\t\t\t\t\t\t<a href=\"https:\/\/country-flags.org\/fr\/flags\/russia-flag\/\">\n\t\t\t\t\t\t\t<img decoding=\"async\" src=\"https:\/\/country-flags.org\/wp-content\/uploads\/2023\/01\/russia-flag-300x200.webp\" alt=\"Drapeau de la russie\" \/>\t\t\t\t\t\t\t<\/a>\n\t\t\t\t\t\t\t\t\t\t\t\t\t<\/div>\n\t\t\t\t\t\t\t\t\t\t\t\t\t<div class=\"pp-logo-grid-title\">\n\t\t\t\t\t\t\t\t\t\t\t\t\t\t\t<a href=\"https:\/\/country-flags.org\/fr\/flags\/russia-flag\/\">\n\t\t\t\t\t\t\t\tLa russie\t\t\t\t\t\t\t\t<\/a>\n\t\t\t\t\t\t\t\t\t\t\t\t\t\t\t<\/div>\n\t\t\t\t\t\t\t\t\t\t\t\t<\/div>\n\t\t\t\t\t\t\t\t\t\t<div class=\"pp-grid-item-wrap elementor-repeater-item-a833d4d\">\n\t\t\t\t\t\t<div class=\"pp-grid-item\">\n\t\t\t\t\t\t\t\t\t\t\t\t\t<a href=\"https:\/\/country-flags.org\/fr\/flags\/tajikistan-flag\/\">\n\t\t\t\t\t\t\t<img decoding=\"async\" src=\"https:\/\/country-flags.org\/wp-content\/uploads\/2023\/01\/tajikistan-flag-300x150.webp\" alt=\"Le tadjikistan drapeau\" \/>\t\t\t\t\t\t\t<\/a>\n\t\t\t\t\t\t\t\t\t\t\t\t\t<\/div>\n\t\t\t\t\t\t\t\t\t\t\t\t\t<div class=\"pp-logo-grid-title\">\n\t\t\t\t\t\t\t\t\t\t\t\t\t\t\t<a href=\"https:\/\/country-flags.org\/fr\/flags\/tajikistan-flag\/\">\n\t\t\t\t\t\t\t\tTadjikistan\t\t\t\t\t\t\t\t<\/a>\n\t\t\t\t\t\t\t\t\t\t\t\t\t\t\t<\/div>\n\t\t\t\t\t\t\t\t\t\t\t\t<\/div>\n\t\t\t\t\t\t\t\t\t\t<div class=\"pp-grid-item-wrap elementor-repeater-item-eb68b71\">\n\t\t\t\t\t\t<div class=\"pp-grid-item\">\n\t\t\t\t\t\t\t\t\t\t\t\t\t<a href=\"https:\/\/country-flags.org\/fr\/flags\/uzbekistan-flag\/\">\n\t\t\t\t\t\t\t<img decoding=\"async\" src=\"https:\/\/country-flags.org\/wp-content\/uploads\/2023\/01\/uzbekistan-flag-300x150.webp\" alt=\"Drapeau de l&#039;ouzb\u00e9kistan\" \/>\t\t\t\t\t\t\t<\/a>\n\t\t\t\t\t\t\t\t\t\t\t\t\t<\/div>\n\t\t\t\t\t\t\t\t\t\t\t\t\t<div class=\"pp-logo-grid-title\">\n\t\t\t\t\t\t\t\t\t\t\t\t\t\t\t<a href=\"https:\/\/country-flags.org\/fr\/flags\/uzbekistan-flag\/\">\n\t\t\t\t\t\t\t\tOuzb\u00e9kistan\t\t\t\t\t\t\t\t<\/a>\n\t\t\t\t\t\t\t\t\t\t\t\t\t\t\t<\/div>\n\t\t\t\t\t\t\t\t\t\t\t\t<\/div>\n\t\t\t\t\t\t\t<\/div>\n\t\t\t\t<\/div>\n\t\t\t\t<\/div>\n\t\t\t\t\t<\/div>\n\t\t<\/div>\n\t\t\t\t\t\t\t<\/div>\n\t\t<\/section>\n\t\t\t\t\t\t\t<\/div>","protected":false},"excerpt":{"rendered":"<p>The Commonwealth of Independent States (CIS) The Commonwealth of Independent States (CIS) is a regional organization comprising 9 member states in Eastern Europe and Central Asia. It was founded in 1991 with the aim of promoting cooperation and integration among its member states and promoting democracy, human rights, and the rule of law. The CIS &hellip;<\/p>\n<p class=\"read-more\"> <a class=\"\" href=\"https:\/\/country-flags.org\/fr\/les-organisations\/commonwealth-of-independent-states\/\"> <span class=\"screen-reader-text\">Communaut\u00e9 des \u00c9tats Ind\u00e9pendants<\/span> Lire la suite \u00bb<\/a><\/p>","protected":false},"author":1,"featured_media":628,"parent":173,"menu_order":0,"comment_status":"closed","ping_status":"closed","template":"","meta":{"site-sidebar-layout":"right-sidebar","site-content-layout":"boxed-container","ast-main-header-display":"","ast-hfb-above-header-display":"","ast-hfb-below-header-display":"","ast-hfb-mobile-header-display":"","site-post-title":"disabled","ast-breadcrumbs-content":"","ast-featured-img":"disabled","footer-sml-layout":"","theme-transparent-header-meta":"default","adv-header-id-meta":"","stick-header-meta":"","header-above-stick-meta":"","header-main-stick-meta":"","header-below-stick-meta":"","footnotes":""},"class_list":["post-272","page","type-page","status-publish","has-post-thumbnail","hentry"],"_links":{"self":[{"href":"https:\/\/country-flags.org\/fr\/wp-json\/wp\/v2\/pages\/272","targetHints":{"allow":["GET"]}}],"collection":[{"href":"https:\/\/country-flags.org\/fr\/wp-json\/wp\/v2\/pages"}],"about":[{"href":"https:\/\/country-flags.org\/fr\/wp-json\/wp\/v2\/types\/page"}],"author":[{"embeddable":true,"href":"https:\/\/country-flags.org\/fr\/wp-json\/wp\/v2\/users\/1"}],"replies":[{"embeddable":true,"href":"https:\/\/country-flags.org\/fr\/wp-json\/wp\/v2\/comments?post=272"}],"version-history":[{"count":10,"href":"https:\/\/country-flags.org\/fr\/wp-json\/wp\/v2\/pages\/272\/revisions"}],"predecessor-version":[{"id":4500,"href":"https:\/\/country-flags.org\/fr\/wp-json\/wp\/v2\/pages\/272\/revisions\/4500"}],"up":[{"embeddable":true,"href":"https:\/\/country-flags.org\/fr\/wp-json\/wp\/v2\/pages\/173"}],"wp:featuredmedia":[{"embeddable":true,"href":"https:\/\/country-flags.org\/fr\/wp-json\/wp\/v2\/media\/628"}],"wp:attachment":[{"href":"https:\/\/country-flags.org\/fr\/wp-json\/wp\/v2\/media?parent=272"}],"curies":[{"name":"wp","href":"https:\/\/api.w.org\/{rel}","templated":true}]}}