{"id":690,"date":"2022-12-20T19:04:05","date_gmt":"2022-12-20T19:04:05","guid":{"rendered":"https:\/\/country-flags.org\/?page_id=690"},"modified":"2022-12-22T18:13:31","modified_gmt":"2022-12-22T18:13:31","slug":"antarktis","status":"publish","type":"page","link":"https:\/\/country-flags.org\/de\/continent\/antarktis\/","title":{"rendered":"Antarktis"},"content":{"rendered":"<div data-elementor-type=\"wp-page\" data-elementor-id=\"690\" class=\"elementor elementor-690\">\n\t\t\t\t\t\t\t\t\t<section class=\"elementor-section elementor-top-section elementor-element elementor-element-9c021fa elementor-section-boxed elementor-section-height-default elementor-section-height-default\" data-id=\"9c021fa\" data-element_type=\"section\">\n\t\t\t\t\t\t<div class=\"elementor-container elementor-column-gap-default\">\n\t\t\t\t\t<div class=\"elementor-column elementor-col-100 elementor-top-column elementor-element elementor-element-200cf3d\" data-id=\"200cf3d\" data-element_type=\"column\">\n\t\t\t<div class=\"elementor-widget-wrap elementor-element-populated\">\n\t\t\t\t\t\t\t\t<div class=\"elementor-element elementor-element-831515c elementor-widget elementor-widget-heading\" data-id=\"831515c\" data-element_type=\"widget\" data-widget_type=\"heading.default\">\n\t\t\t\t<div class=\"elementor-widget-container\">\n\t\t\t<style>\/*! elementor - v3.15.0 - 20-08-2023 *\/\n.elementor-heading-title{padding:0;margin:0;line-height:1}.elementor-widget-heading .elementor-heading-title[class*=elementor-size-]>a{color:inherit;font-size:inherit;line-height:inherit}.elementor-widget-heading .elementor-heading-title.elementor-size-small{font-size:15px}.elementor-widget-heading .elementor-heading-title.elementor-size-medium{font-size:19px}.elementor-widget-heading .elementor-heading-title.elementor-size-large{font-size:29px}.elementor-widget-heading .elementor-heading-title.elementor-size-xl{font-size:39px}.elementor-widget-heading .elementor-heading-title.elementor-size-xxl{font-size:59px}<\/style><h1 class=\"elementor-heading-title elementor-size-default\">Antarktis<\/h1>\t\t<\/div>\n\t\t\t\t<\/div>\n\t\t\t\t<div class=\"elementor-element elementor-element-b45b85d elementor-widget-divider--separator-type-pattern elementor-widget-divider--no-spacing elementor-widget-divider--view-line elementor-widget elementor-widget-divider\" data-id=\"b45b85d\" data-element_type=\"widget\" data-widget_type=\"divider.default\">\n\t\t\t\t<div class=\"elementor-widget-container\">\n\t\t\t<style>\/*! elementor - v3.15.0 - 20-08-2023 *\/\n.elementor-widget-divider{--divider-border-style:none;--divider-border-width:1px;--divider-color:#0c0d0e;--divider-icon-size:20px;--divider-element-spacing:10px;--divider-pattern-height:24px;--divider-pattern-size:20px;--divider-pattern-url:none;--divider-pattern-repeat:repeat-x}.elementor-widget-divider .elementor-divider{display:flex}.elementor-widget-divider .elementor-divider__text{font-size:15px;line-height:1;max-width:95%}.elementor-widget-divider .elementor-divider__element{margin:0 var(--divider-element-spacing);flex-shrink:0}.elementor-widget-divider .elementor-icon{font-size:var(--divider-icon-size)}.elementor-widget-divider .elementor-divider-separator{display:flex;margin:0;direction:ltr}.elementor-widget-divider--view-line_icon .elementor-divider-separator,.elementor-widget-divider--view-line_text .elementor-divider-separator{align-items:center}.elementor-widget-divider--view-line_icon .elementor-divider-separator:after,.elementor-widget-divider--view-line_icon .elementor-divider-separator:before,.elementor-widget-divider--view-line_text .elementor-divider-separator:after,.elementor-widget-divider--view-line_text .elementor-divider-separator:before{display:block;content:\"\";border-bottom:0;flex-grow:1;border-top:var(--divider-border-width) var(--divider-border-style) var(--divider-color)}.elementor-widget-divider--element-align-left .elementor-divider .elementor-divider-separator>.elementor-divider__svg:first-of-type{flex-grow:0;flex-shrink:100}.elementor-widget-divider--element-align-left .elementor-divider-separator:before{content:none}.elementor-widget-divider--element-align-left .elementor-divider__element{margin-left:0}.elementor-widget-divider--element-align-right .elementor-divider .elementor-divider-separator>.elementor-divider__svg:last-of-type{flex-grow:0;flex-shrink:100}.elementor-widget-divider--element-align-right .elementor-divider-separator:after{content:none}.elementor-widget-divider--element-align-right .elementor-divider__element{margin-right:0}.elementor-widget-divider:not(.elementor-widget-divider--view-line_text):not(.elementor-widget-divider--view-line_icon) .elementor-divider-separator{border-top:var(--divider-border-width) var(--divider-border-style) var(--divider-color)}.elementor-widget-divider--separator-type-pattern{--divider-border-style:none}.elementor-widget-divider--separator-type-pattern.elementor-widget-divider--view-line .elementor-divider-separator,.elementor-widget-divider--separator-type-pattern:not(.elementor-widget-divider--view-line) .elementor-divider-separator:after,.elementor-widget-divider--separator-type-pattern:not(.elementor-widget-divider--view-line) .elementor-divider-separator:before,.elementor-widget-divider--separator-type-pattern:not([class*=elementor-widget-divider--view]) .elementor-divider-separator{width:100%;min-height:var(--divider-pattern-height);-webkit-mask-size:var(--divider-pattern-size) 100%;mask-size:var(--divider-pattern-size) 100%;-webkit-mask-repeat:var(--divider-pattern-repeat);mask-repeat:var(--divider-pattern-repeat);background-color:var(--divider-color);-webkit-mask-image:var(--divider-pattern-url);mask-image:var(--divider-pattern-url)}.elementor-widget-divider--no-spacing{--divider-pattern-size:auto}.elementor-widget-divider--bg-round{--divider-pattern-repeat:round}.rtl .elementor-widget-divider .elementor-divider__text{direction:rtl}.e-con-inner>.elementor-widget-divider,.e-con>.elementor-widget-divider{width:var(--container-widget-width,100%);--flex-grow:var(--container-widget-flex-grow)}<\/style>\t\t<div class=\"elementor-divider\" style=\"--divider-pattern-url: url(&quot;data:image\/svg+xml,%3Csvg xmlns=&#039;http:\/\/www.w3.org\/2000\/svg&#039; preserveAspectRatio=&#039;none&#039; overflow=&#039;visible&#039; height=&#039;100%&#039; viewBox=&#039;0 0 24 24&#039; fill=&#039;black&#039; stroke=&#039;none&#039;%3E%3Cpath d=&#039;M24,8v12H0V8H24z M24,4v1H0V4H24z&#039;\/%3E%3C\/svg%3E&quot;);\">\n\t\t\t<span class=\"elementor-divider-separator\">\n\t\t\t\t\t\t<\/span>\n\t\t<\/div>\n\t\t\t\t<\/div>\n\t\t\t\t<\/div>\n\t\t\t\t<div class=\"elementor-element elementor-element-72e779e elementor-widget elementor-widget-image\" data-id=\"72e779e\" data-element_type=\"widget\" data-widget_type=\"image.default\">\n\t\t\t\t<div class=\"elementor-widget-container\">\n\t\t\t<style>\/*! elementor - v3.15.0 - 20-08-2023 *\/\n.elementor-widget-image{text-align:center}.elementor-widget-image a{display:inline-block}.elementor-widget-image a img[src$=\".svg\"]{width:48px}.elementor-widget-image img{vertical-align:middle;display:inline-block}<\/style>\t\t\t\t\t\t\t\t\t\t\t\t<img decoding=\"async\" width=\"800\" height=\"800\" src=\"https:\/\/country-flags.org\/wp-content\/uploads\/2022\/12\/antarctica-1.jpg\" class=\"attachment-large size-large wp-image-697\" alt=\"Antarktis\" srcset=\"https:\/\/country-flags.org\/wp-content\/uploads\/2022\/12\/antarctica-1.jpg 800w, https:\/\/country-flags.org\/wp-content\/uploads\/2022\/12\/antarctica-1-300x300.jpg 300w, https:\/\/country-flags.org\/wp-content\/uploads\/2022\/12\/antarctica-1-150x150.jpg 150w, https:\/\/country-flags.org\/wp-content\/uploads\/2022\/12\/antarctica-1-768x768.jpg 768w\" sizes=\"(max-width: 800px) 100vw, 800px\" \/>\t\t\t\t\t\t\t\t\t\t\t\t\t\t\t<\/div>\n\t\t\t\t<\/div>\n\t\t\t\t<div class=\"elementor-element elementor-element-db83ea9 elementor-widget elementor-widget-text-editor\" data-id=\"db83ea9\" data-element_type=\"widget\" data-widget_type=\"text-editor.default\">\n\t\t\t\t<div class=\"elementor-widget-container\">\n\t\t\t<style>\/*! elementor - v3.15.0 - 20-08-2023 *\/\n.elementor-widget-text-editor.elementor-drop-cap-view-stacked .elementor-drop-cap{background-color:#69727d;color:#fff}.elementor-widget-text-editor.elementor-drop-cap-view-framed .elementor-drop-cap{color:#69727d;border:3px solid;background-color:transparent}.elementor-widget-text-editor:not(.elementor-drop-cap-view-default) .elementor-drop-cap{margin-top:8px}.elementor-widget-text-editor:not(.elementor-drop-cap-view-default) .elementor-drop-cap-letter{width:1em;height:1em}.elementor-widget-text-editor .elementor-drop-cap{float:left;text-align:center;line-height:1;font-size:50px}.elementor-widget-text-editor .elementor-drop-cap-letter{display:inline-block}<\/style>\t\t\t\t<div class=\"flex flex-col gap-3\"><div class=\"min-h-[20px] flex flex-col items-start gap-4 whitespace-pre-wrap\"><div class=\"markdown prose break-words dark:prose-invert light\"><div class=\"flex flex-col gap-3\"><div class=\"min-h-[20px] flex flex-col items-start gap-4 whitespace-pre-wrap\"><div class=\"markdown prose break-words dark:prose-invert light\"><div class=\"flex flex-col gap-3\"><div class=\"min-h-[20px] flex flex-col items-start gap-4 whitespace-pre-wrap\"><div class=\"markdown prose break-words dark:prose-invert light\"><div class=\"flex flex-col gap-3\"><div class=\"min-h-[20px] flex flex-col items-start gap-4 whitespace-pre-wrap\"><div class=\"markdown prose break-words dark:prose-invert light\"><div class=\"flex flex-col gap-3\"><div class=\"min-h-[20px] flex flex-col items-start gap-4 whitespace-pre-wrap\"><div class=\"markdown prose break-words dark:prose-invert light\"><p>Die Antarktis ist der f\u00fcnftgr\u00f6\u00dfte Kontinent der Welt und ist die Heimat von einigen der extremsten und isolierten Umgebungen auf dem Planeten. Trotz der harten Bedingungen der Antarktis ist die Heimat einer vielf\u00e4ltigen Pflanzen-und Tierwelt, und hat spielte eine wichtige Rolle in der Gestaltung des globalen Klimas.<\/p><p>Eine der bemerkenswertesten Eigenschaften der Antarktis ist die extreme K\u00e4lte. Der Kontinent wird von Eis bedeckt und Schnee das ganze Jahr \u00fcber und k\u00f6nnen die Temperaturen so niedrig wie -80 \u00b0 C (-112 Grad Fahrenheit) in einigen Bereichen. Trotz dieser, die Antarktis ist die Heimat einer Vielzahl von Pflanzen und Tieren, darunter Pinguine, Robben und Wale.<\/p><p>Die Antarktis ist auch die Heimat einiger der h\u00f6chsten Gipfel der Welt, einschlie\u00dflich des Vinson-Massivs, das steht bei \u00fcber 4,892 m (16,050 Fu\u00df). Der Kontinent ist auch die Heimat der S\u00fcdpol ist der s\u00fcdlichste Punkt der Erde.<\/p><p>Trotz der harten Bedingungen der Antarktis hat spielte eine wichtige Rolle in der Gestaltung des globalen Klimas. Der Kontinent ist bedeckt von einer dicken Schicht aus Eis, das hilft bei der Regulierung der Temperatur der Erde und h\u00e4lt den Planeten vor \u00fcberhitzung. Zus\u00e4tzlich, die Antarktis ist die Heimat von vielen wichtigen wissenschaftlichen Forschung-Stationen, wo Wissenschaftler aus der ganzen Welt kommen, um zu studieren die einzigartige Umgebung und Ihre Auswirkungen auf den rest des Planeten.<\/p><p>Trotz seiner isolierten Lage und den extremen Bedingungen der Antarktis ist ein Kontinent mit gro\u00dfen wissenschaftlichen und \u00f6kologischen Stellenwert. Da mehr und mehr Menschen auf der ganzen Welt, erfahren Sie mehr \u00fcber die einzigartigen Herausforderungen und M\u00f6glichkeiten, die Antarktis, ist es wahrscheinlich, dass der Kontinent weiterhin eine wichtige Rolle spielen bei der Gestaltung der Zukunft des Planeten.<\/p><\/div><\/div><\/div><\/div><\/div><\/div><\/div><\/div><\/div><\/div><\/div><\/div><\/div><\/div><\/div>\t\t\t\t\t\t<\/div>\n\t\t\t\t<\/div>\n\t\t\t\t\t<\/div>\n\t\t<\/div>\n\t\t\t\t\t\t\t<\/div>\n\t\t<\/section>\n\t\t\t\t\t\t\t<\/div>","protected":false},"excerpt":{"rendered":"<p>Antarctica Antarctica is the fifth-largest continent in the world and is home to some of the most extreme and isolated environments on the planet. Despite its harsh conditions, Antarctica is home to a diverse range of plant and animal life, and has played a vital role in shaping the global climate. One of the most &hellip;<\/p>\n<p class=\"read-more\"> <a class=\"\" href=\"https:\/\/country-flags.org\/de\/continent\/antarktis\/\"> <span class=\"screen-reader-text\">Antarktis<\/span> Read More \u00bb<\/a><\/p>","protected":false},"author":1,"featured_media":697,"parent":176,"menu_order":0,"comment_status":"closed","ping_status":"closed","template":"","meta":{"site-sidebar-layout":"right-sidebar","site-content-layout":"boxed-container","ast-main-header-display":"","ast-hfb-above-header-display":"","ast-hfb-below-header-display":"","ast-hfb-mobile-header-display":"","site-post-title":"disabled","ast-breadcrumbs-content":"","ast-featured-img":"disabled","footer-sml-layout":"","theme-transparent-header-meta":"default","adv-header-id-meta":"","stick-header-meta":"","header-above-stick-meta":"","header-main-stick-meta":"","header-below-stick-meta":"","footnotes":""},"class_list":["post-690","page","type-page","status-publish","has-post-thumbnail","hentry"],"_links":{"self":[{"href":"https:\/\/country-flags.org\/de\/wp-json\/wp\/v2\/pages\/690","targetHints":{"allow":["GET"]}}],"collection":[{"href":"https:\/\/country-flags.org\/de\/wp-json\/wp\/v2\/pages"}],"about":[{"href":"https:\/\/country-flags.org\/de\/wp-json\/wp\/v2\/types\/page"}],"author":[{"embeddable":true,"href":"https:\/\/country-flags.org\/de\/wp-json\/wp\/v2\/users\/1"}],"replies":[{"embeddable":true,"href":"https:\/\/country-flags.org\/de\/wp-json\/wp\/v2\/comments?post=690"}],"version-history":[{"count":10,"href":"https:\/\/country-flags.org\/de\/wp-json\/wp\/v2\/pages\/690\/revisions"}],"predecessor-version":[{"id":1132,"href":"https:\/\/country-flags.org\/de\/wp-json\/wp\/v2\/pages\/690\/revisions\/1132"}],"up":[{"embeddable":true,"href":"https:\/\/country-flags.org\/de\/wp-json\/wp\/v2\/pages\/176"}],"wp:featuredmedia":[{"embeddable":true,"href":"https:\/\/country-flags.org\/de\/wp-json\/wp\/v2\/media\/697"}],"wp:attachment":[{"href":"https:\/\/country-flags.org\/de\/wp-json\/wp\/v2\/media?parent=690"}],"curies":[{"name":"wp","href":"https:\/\/api.w.org\/{rel}","templated":true}]}}