{"id":200,"date":"2022-10-21T12:04:03","date_gmt":"2022-10-21T12:04:03","guid":{"rendered":"https:\/\/country-flags.org\/?page_id=200"},"modified":"2025-12-07T14:18:25","modified_gmt":"2025-12-07T14:18:25","slug":"download","status":"publish","type":"page","link":"https:\/\/country-flags.org\/de\/download\/","title":{"rendered":"Download Flags"},"content":{"rendered":"<div data-elementor-type=\"wp-page\" data-elementor-id=\"200\" class=\"elementor elementor-200\">\n\t\t\t\t\t\t\t\t\t<section class=\"elementor-section elementor-top-section elementor-element elementor-element-9163ae6 elementor-section-boxed elementor-section-height-default elementor-section-height-default\" data-id=\"9163ae6\" data-element_type=\"section\">\n\t\t\t\t\t\t<div class=\"elementor-container elementor-column-gap-default\">\n\t\t\t\t\t<div class=\"elementor-column elementor-col-100 elementor-top-column elementor-element elementor-element-8b8a4d9\" data-id=\"8b8a4d9\" data-element_type=\"column\">\n\t\t\t<div class=\"elementor-widget-wrap elementor-element-populated\">\n\t\t\t\t\t\t\t\t<div class=\"elementor-element elementor-element-d1428c2 elementor-widget elementor-widget-heading\" data-id=\"d1428c2\" data-element_type=\"widget\" data-widget_type=\"heading.default\">\n\t\t\t\t<div class=\"elementor-widget-container\">\n\t\t\t<style>\/*! elementor - v3.15.0 - 20-08-2023 *\/\n.elementor-heading-title{padding:0;margin:0;line-height:1}.elementor-widget-heading .elementor-heading-title[class*=elementor-size-]>a{color:inherit;font-size:inherit;line-height:inherit}.elementor-widget-heading .elementor-heading-title.elementor-size-small{font-size:15px}.elementor-widget-heading .elementor-heading-title.elementor-size-medium{font-size:19px}.elementor-widget-heading .elementor-heading-title.elementor-size-large{font-size:29px}.elementor-widget-heading .elementor-heading-title.elementor-size-xl{font-size:39px}.elementor-widget-heading .elementor-heading-title.elementor-size-xxl{font-size:59px}<\/style><h1 class=\"elementor-heading-title elementor-size-default\">Laden Sie alle Flaggen<\/h1>\t\t<\/div>\n\t\t\t\t<\/div>\n\t\t\t\t<div class=\"elementor-element elementor-element-a86c78e elementor-widget elementor-widget-text-editor\" data-id=\"a86c78e\" data-element_type=\"widget\" data-widget_type=\"text-editor.default\">\n\t\t\t\t<div class=\"elementor-widget-container\">\n\t\t\t<style>\/*! elementor - v3.15.0 - 20-08-2023 *\/\n.elementor-widget-text-editor.elementor-drop-cap-view-stacked .elementor-drop-cap{background-color:#69727d;color:#fff}.elementor-widget-text-editor.elementor-drop-cap-view-framed .elementor-drop-cap{color:#69727d;border:3px solid;background-color:transparent}.elementor-widget-text-editor:not(.elementor-drop-cap-view-default) .elementor-drop-cap{margin-top:8px}.elementor-widget-text-editor:not(.elementor-drop-cap-view-default) .elementor-drop-cap-letter{width:1em;height:1em}.elementor-widget-text-editor .elementor-drop-cap{float:left;text-align:center;line-height:1;font-size:50px}.elementor-widget-text-editor .elementor-drop-cap-letter{display:inline-block}<\/style>\t\t\t\t<p>Willkommen in unserem Land-flag-download-Seite!<\/p><p>Auf dieser Seite finden Sie hohe Qualit\u00e4t Bilder von Flaggen aus L\u00e4ndern der ganzen Welt. Ob Sie ein flag f\u00fcr eine Schule ein Projekt, eine Pr\u00e4sentation oder einen anderen Zweck, Sie finden, was Sie suchen f\u00fcr hier.<\/p><p>To download all flags, simply click on the download button. All of the flags are in multiple formats for example Raster JPG, PNG and WebP, also Vector formats SVG, PDF, AI, EPS\u00a0 which are a widely-supported formats that works well for most purposes.<\/p><h3 style=\"text-align: center;\"><span style=\"text-decoration: underline; color: #003366;\"><em><strong><a style=\"color: #003366; text-decoration: underline;\" href=\"https:\/\/robinjovfx.gumroad.com\/l\/AllWorldFlagsMegaBundle\" target=\"_blank\" rel=\"noopener\">Download all Flags here<\/a><\/strong><\/em><\/span><\/h3>\t\t\t\t\t\t<\/div>\n\t\t\t\t<\/div>\n\t\t\t\t\t<\/div>\n\t\t<\/div>\n\t\t\t\t\t\t\t<\/div>\n\t\t<\/section>\n\t\t\t\t\t\t\t<\/div>","protected":false},"excerpt":{"rendered":"<p>Download all flags Welcome to our country flag download page! On this page, you can find high-quality images of flags from countries all around the world. Whether you need a flag for a school project, a presentation, or any other purpose, you&#8217;ll find what you&#8217;re looking for here. To download all flags, simply click on &hellip;<\/p>\n<p class=\"read-more\"> <a class=\"\" href=\"https:\/\/country-flags.org\/de\/download\/\"> <span class=\"screen-reader-text\">Download Flags<\/span> Read More \u00bb<\/a><\/p>","protected":false},"author":1,"featured_media":0,"parent":0,"menu_order":0,"comment_status":"closed","ping_status":"closed","template":"","meta":{"site-sidebar-layout":"right-sidebar","site-content-layout":"boxed-container","ast-main-header-display":"","ast-hfb-above-header-display":"","ast-hfb-below-header-display":"","ast-hfb-mobile-header-display":"","site-post-title":"disabled","ast-breadcrumbs-content":"","ast-featured-img":"disabled","footer-sml-layout":"","theme-transparent-header-meta":"default","adv-header-id-meta":"","stick-header-meta":"","header-above-stick-meta":"","header-main-stick-meta":"","header-below-stick-meta":"","footnotes":""},"class_list":["post-200","page","type-page","status-publish","hentry"],"_links":{"self":[{"href":"https:\/\/country-flags.org\/de\/wp-json\/wp\/v2\/pages\/200","targetHints":{"allow":["GET"]}}],"collection":[{"href":"https:\/\/country-flags.org\/de\/wp-json\/wp\/v2\/pages"}],"about":[{"href":"https:\/\/country-flags.org\/de\/wp-json\/wp\/v2\/types\/page"}],"author":[{"embeddable":true,"href":"https:\/\/country-flags.org\/de\/wp-json\/wp\/v2\/users\/1"}],"replies":[{"embeddable":true,"href":"https:\/\/country-flags.org\/de\/wp-json\/wp\/v2\/comments?post=200"}],"version-history":[{"count":19,"href":"https:\/\/country-flags.org\/de\/wp-json\/wp\/v2\/pages\/200\/revisions"}],"predecessor-version":[{"id":5430,"href":"https:\/\/country-flags.org\/de\/wp-json\/wp\/v2\/pages\/200\/revisions\/5430"}],"wp:attachment":[{"href":"https:\/\/country-flags.org\/de\/wp-json\/wp\/v2\/media?parent=200"}],"curies":[{"name":"wp","href":"https:\/\/api.w.org\/{rel}","templated":true}]}}