{"id":176,"date":"2022-10-21T11:57:05","date_gmt":"2022-10-21T11:57:05","guid":{"rendered":"https:\/\/country-flags.org\/?page_id=176"},"modified":"2023-02-08T06:55:13","modified_gmt":"2023-02-08T06:55:13","slug":"continent","status":"publish","type":"page","link":"https:\/\/country-flags.org\/de\/continent\/","title":{"rendered":"Kontinent"},"content":{"rendered":"<div data-elementor-type=\"wp-page\" data-elementor-id=\"176\" class=\"elementor elementor-176\">\n\t\t\t\t\t\t\t\t\t<section class=\"elementor-section elementor-top-section elementor-element elementor-element-4905c1d elementor-section-boxed elementor-section-height-default elementor-section-height-default\" data-id=\"4905c1d\" data-element_type=\"section\">\n\t\t\t\t\t\t<div class=\"elementor-container elementor-column-gap-default\">\n\t\t\t\t\t<div class=\"elementor-column elementor-col-100 elementor-top-column elementor-element elementor-element-23ff310\" data-id=\"23ff310\" data-element_type=\"column\">\n\t\t\t<div class=\"elementor-widget-wrap elementor-element-populated\">\n\t\t\t\t\t\t\t\t<div class=\"elementor-element elementor-element-96b1c36 elementor-widget elementor-widget-heading\" data-id=\"96b1c36\" data-element_type=\"widget\" data-widget_type=\"heading.default\">\n\t\t\t\t<div class=\"elementor-widget-container\">\n\t\t\t<style>\/*! elementor - v3.15.0 - 20-08-2023 *\/\n.elementor-heading-title{padding:0;margin:0;line-height:1}.elementor-widget-heading .elementor-heading-title[class*=elementor-size-]>a{color:inherit;font-size:inherit;line-height:inherit}.elementor-widget-heading .elementor-heading-title.elementor-size-small{font-size:15px}.elementor-widget-heading .elementor-heading-title.elementor-size-medium{font-size:19px}.elementor-widget-heading .elementor-heading-title.elementor-size-large{font-size:29px}.elementor-widget-heading .elementor-heading-title.elementor-size-xl{font-size:39px}.elementor-widget-heading .elementor-heading-title.elementor-size-xxl{font-size:59px}<\/style><h1 class=\"elementor-heading-title elementor-size-default\">Kontinente<\/h1>\t\t<\/div>\n\t\t\t\t<\/div>\n\t\t\t\t<div class=\"elementor-element elementor-element-3b83cb8 elementor-widget-divider--separator-type-pattern elementor-widget-divider--no-spacing elementor-widget-divider--view-line elementor-widget elementor-widget-divider\" data-id=\"3b83cb8\" data-element_type=\"widget\" data-widget_type=\"divider.default\">\n\t\t\t\t<div class=\"elementor-widget-container\">\n\t\t\t<style>\/*! elementor - v3.15.0 - 20-08-2023 *\/\n.elementor-widget-divider{--divider-border-style:none;--divider-border-width:1px;--divider-color:#0c0d0e;--divider-icon-size:20px;--divider-element-spacing:10px;--divider-pattern-height:24px;--divider-pattern-size:20px;--divider-pattern-url:none;--divider-pattern-repeat:repeat-x}.elementor-widget-divider .elementor-divider{display:flex}.elementor-widget-divider .elementor-divider__text{font-size:15px;line-height:1;max-width:95%}.elementor-widget-divider .elementor-divider__element{margin:0 var(--divider-element-spacing);flex-shrink:0}.elementor-widget-divider .elementor-icon{font-size:var(--divider-icon-size)}.elementor-widget-divider .elementor-divider-separator{display:flex;margin:0;direction:ltr}.elementor-widget-divider--view-line_icon .elementor-divider-separator,.elementor-widget-divider--view-line_text .elementor-divider-separator{align-items:center}.elementor-widget-divider--view-line_icon .elementor-divider-separator:after,.elementor-widget-divider--view-line_icon .elementor-divider-separator:before,.elementor-widget-divider--view-line_text .elementor-divider-separator:after,.elementor-widget-divider--view-line_text .elementor-divider-separator:before{display:block;content:\"\";border-bottom:0;flex-grow:1;border-top:var(--divider-border-width) var(--divider-border-style) var(--divider-color)}.elementor-widget-divider--element-align-left .elementor-divider .elementor-divider-separator>.elementor-divider__svg:first-of-type{flex-grow:0;flex-shrink:100}.elementor-widget-divider--element-align-left .elementor-divider-separator:before{content:none}.elementor-widget-divider--element-align-left .elementor-divider__element{margin-left:0}.elementor-widget-divider--element-align-right .elementor-divider .elementor-divider-separator>.elementor-divider__svg:last-of-type{flex-grow:0;flex-shrink:100}.elementor-widget-divider--element-align-right .elementor-divider-separator:after{content:none}.elementor-widget-divider--element-align-right .elementor-divider__element{margin-right:0}.elementor-widget-divider:not(.elementor-widget-divider--view-line_text):not(.elementor-widget-divider--view-line_icon) .elementor-divider-separator{border-top:var(--divider-border-width) var(--divider-border-style) var(--divider-color)}.elementor-widget-divider--separator-type-pattern{--divider-border-style:none}.elementor-widget-divider--separator-type-pattern.elementor-widget-divider--view-line .elementor-divider-separator,.elementor-widget-divider--separator-type-pattern:not(.elementor-widget-divider--view-line) .elementor-divider-separator:after,.elementor-widget-divider--separator-type-pattern:not(.elementor-widget-divider--view-line) .elementor-divider-separator:before,.elementor-widget-divider--separator-type-pattern:not([class*=elementor-widget-divider--view]) .elementor-divider-separator{width:100%;min-height:var(--divider-pattern-height);-webkit-mask-size:var(--divider-pattern-size) 100%;mask-size:var(--divider-pattern-size) 100%;-webkit-mask-repeat:var(--divider-pattern-repeat);mask-repeat:var(--divider-pattern-repeat);background-color:var(--divider-color);-webkit-mask-image:var(--divider-pattern-url);mask-image:var(--divider-pattern-url)}.elementor-widget-divider--no-spacing{--divider-pattern-size:auto}.elementor-widget-divider--bg-round{--divider-pattern-repeat:round}.rtl .elementor-widget-divider .elementor-divider__text{direction:rtl}.e-con-inner>.elementor-widget-divider,.e-con>.elementor-widget-divider{width:var(--container-widget-width,100%);--flex-grow:var(--container-widget-flex-grow)}<\/style>\t\t<div class=\"elementor-divider\" style=\"--divider-pattern-url: url(&quot;data:image\/svg+xml,%3Csvg xmlns=&#039;http:\/\/www.w3.org\/2000\/svg&#039; preserveAspectRatio=&#039;none&#039; overflow=&#039;visible&#039; height=&#039;100%&#039; viewBox=&#039;0 0 24 24&#039; fill=&#039;black&#039; stroke=&#039;none&#039;%3E%3Cpath d=&#039;M24,8v12H0V8H24z M24,4v1H0V4H24z&#039;\/%3E%3C\/svg%3E&quot;);\">\n\t\t\t<span class=\"elementor-divider-separator\">\n\t\t\t\t\t\t<\/span>\n\t\t<\/div>\n\t\t\t\t<\/div>\n\t\t\t\t<\/div>\n\t\t\t\t<div class=\"elementor-element elementor-element-5267564 elementor-widget elementor-widget-text-editor\" data-id=\"5267564\" data-element_type=\"widget\" data-widget_type=\"text-editor.default\">\n\t\t\t\t<div class=\"elementor-widget-container\">\n\t\t\t<style>\/*! elementor - v3.15.0 - 20-08-2023 *\/\n.elementor-widget-text-editor.elementor-drop-cap-view-stacked .elementor-drop-cap{background-color:#69727d;color:#fff}.elementor-widget-text-editor.elementor-drop-cap-view-framed .elementor-drop-cap{color:#69727d;border:3px solid;background-color:transparent}.elementor-widget-text-editor:not(.elementor-drop-cap-view-default) .elementor-drop-cap{margin-top:8px}.elementor-widget-text-editor:not(.elementor-drop-cap-view-default) .elementor-drop-cap-letter{width:1em;height:1em}.elementor-widget-text-editor .elementor-drop-cap{float:left;text-align:center;line-height:1;font-size:50px}.elementor-widget-text-editor .elementor-drop-cap-letter{display:inline-block}<\/style>\t\t\t\t<div class=\"flex flex-col gap-3\"><div class=\"min-h-[20px] flex flex-col items-start gap-4 whitespace-pre-wrap\"><div class=\"markdown prose break-words dark:prose-invert light\"><p>Es gibt sieben Kontinente auf der Erde, jeder mit seiner eigenen einzigartigen Geografie, Kultur und Geschichte.<\/p><p>Asien ist der gr\u00f6\u00dfte Kontinent, die fast 10 Millionen Quadratkilometer. Es ist die Heimat einer Vielzahl von Kulturen und Traditionen, einschlie\u00dflich China, Indien, Japan, und dem Nahen Osten.<\/p><p>Afrika ist der zweitgr\u00f6\u00dfte Kontinent, f\u00fcr rund 6 Millionen Quadratkilometer. Es ist die Heimat einer Vielzahl von Kulturen, darunter auch die von \u00e4gypten, \u00e4thiopien und S\u00fcdafrika.<\/p><p>Nordamerika ist der drittgr\u00f6\u00dfte Kontinent, die rund 9 Millionen Quadrat-Meilen. Es ist die Heimat einer vielf\u00e4ltigen Palette von Kulturen, einschlie\u00dflich die der Vereinigten Staaten, Kanada und Mexiko.<\/p><p>Europa ist der viertgr\u00f6\u00dfte Kontinent, f\u00fcr rund 4 Millionen Quadrat-Meilen. Es ist die Heimat einer reichen Geschichte und einer Vielzahl von Kulturen, darunter diejenigen von Frankreich, Deutschland und Italien.<\/p><p>S\u00fcdamerika ist der f\u00fcnftgr\u00f6\u00dfte Kontinent, f\u00fcr rund 6 Millionen Quadratkilometer. Es ist die Heimat einer Vielzahl von Kulturen, darunter auch die in Brasilien, Argentinien und Peru.<\/p><p>Die Antarktis ist die sechstgr\u00f6\u00dfte Kontinent, f\u00fcr rund 5 Millionen Quadrat-Meilen. Es ist der k\u00e4lteste und trockenste Kontinent der Erde und ist die Heimat einer Vielzahl von einzigartigen Tierwelt, darunter Pinguine und Robben.<\/p><p>Australien ist der siebte und kleinste Kontinent, f\u00fcr rund 3 Millionen Quadratkilometer. Es ist die Heimat einer vielf\u00e4ltigen Palette von Kulturen, einschlie\u00dflich der Aborigines und der Torres Strait Islander.<\/p><p>Jeder dieser Kontinente hat eine reiche Geschichte und eine einzigartige Kultur geformt hat, die Welt in der wir heute Leben. Ob Sie sind interessiert in alten Zivilisationen, die Sch\u00f6nheit der Natur und moderne Kultur, es ist f\u00fcr jeden etwas auf jedes dieser erstaunlichen Kontinenten.<\/p><\/div><\/div><\/div>\t\t\t\t\t\t<\/div>\n\t\t\t\t<\/div>\n\t\t\t\t<div class=\"elementor-element elementor-element-2df11e6 elementor-widget-divider--separator-type-pattern elementor-widget-divider--no-spacing elementor-widget-divider--view-line elementor-widget elementor-widget-divider\" data-id=\"2df11e6\" data-element_type=\"widget\" data-widget_type=\"divider.default\">\n\t\t\t\t<div class=\"elementor-widget-container\">\n\t\t\t\t\t<div class=\"elementor-divider\" style=\"--divider-pattern-url: url(&quot;data:image\/svg+xml,%3Csvg xmlns=&#039;http:\/\/www.w3.org\/2000\/svg&#039; preserveAspectRatio=&#039;none&#039; overflow=&#039;visible&#039; height=&#039;100%&#039; viewBox=&#039;0 0 24 24&#039; fill=&#039;black&#039; stroke=&#039;none&#039;%3E%3Cpath d=&#039;M24,8v12H0V8H24z M24,4v1H0V4H24z&#039;\/%3E%3C\/svg%3E&quot;);\">\n\t\t\t<span class=\"elementor-divider-separator\">\n\t\t\t\t\t\t<\/span>\n\t\t<\/div>\n\t\t\t\t<\/div>\n\t\t\t\t<\/div>\n\t\t\t\t<div class=\"elementor-element elementor-element-f7b9373 elementor-grid-3 elementor-grid-tablet-2 elementor-grid-mobile-1 elementor-widget elementor-widget-pp-logo-grid\" data-id=\"f7b9373\" data-element_type=\"widget\" data-settings=\"{&quot;columns&quot;:&quot;3&quot;,&quot;columns_tablet&quot;:&quot;2&quot;,&quot;columns_mobile&quot;:&quot;1&quot;}\" data-widget_type=\"pp-logo-grid.default\">\n\t\t\t\t<div class=\"elementor-widget-container\">\n\t\t\t\t\t<div class=\"pp-logo-grid pp-elementor-grid clearfix\">\n\t\t\t\t\t\t\t\t<div class=\"pp-grid-item-wrap elementor-repeater-item-d0225e5\">\n\t\t\t\t\t\t<div class=\"pp-grid-item\">\n\t\t\t\t\t\t\t\t\t\t\t\t\t<a href=\"https:\/\/country-flags.org\/de\/continent\/afrika\/\">\n\t\t\t\t\t\t\t<img decoding=\"async\" src=\"https:\/\/country-flags.org\/wp-content\/uploads\/2022\/12\/africa-300x300.webp\" alt=\"Afrika\" \/>\t\t\t\t\t\t\t<\/a>\n\t\t\t\t\t\t\t\t\t\t\t\t\t<\/div>\n\t\t\t\t\t\t\t\t\t\t\t\t\t<div class=\"pp-logo-grid-title\">\n\t\t\t\t\t\t\t\t\t\t\t\t\t\t\t<a href=\"https:\/\/country-flags.org\/de\/continent\/afrika\/\">\n\t\t\t\t\t\t\t\tAfrika<br><p style=\"font-size:11px\">(59 L\u00e4ndern)<\/p>\t\t\t\t\t\t\t\t<\/a>\n\t\t\t\t\t\t\t\t\t\t\t\t\t\t\t<\/div>\n\t\t\t\t\t\t\t\t\t\t\t\t<\/div>\n\t\t\t\t\t\t\t\t\t\t<div class=\"pp-grid-item-wrap elementor-repeater-item-ea557d4\">\n\t\t\t\t\t\t<div class=\"pp-grid-item\">\n\t\t\t\t\t\t\t\t\t\t\t\t\t<a href=\"https:\/\/country-flags.org\/de\/continent\/asien\/\">\n\t\t\t\t\t\t\t<img decoding=\"async\" src=\"https:\/\/country-flags.org\/wp-content\/uploads\/2022\/12\/asia-300x300.webp\" alt=\"Asien\" \/>\t\t\t\t\t\t\t<\/a>\n\t\t\t\t\t\t\t\t\t\t\t\t\t<\/div>\n\t\t\t\t\t\t\t\t\t\t\t\t\t<div class=\"pp-logo-grid-title\">\n\t\t\t\t\t\t\t\t\t\t\t\t\t\t\t<a href=\"https:\/\/country-flags.org\/de\/continent\/asien\/\">\n\t\t\t\t\t\t\t\tAsien<br><p style=\"font-size:11px\">(52 L\u00e4nder)\t\t\t\t\t\t\t\t<\/a>\n\t\t\t\t\t\t\t\t\t\t\t\t\t\t\t<\/div>\n\t\t\t\t\t\t\t\t\t\t\t\t<\/div>\n\t\t\t\t\t\t\t\t\t\t<div class=\"pp-grid-item-wrap elementor-repeater-item-a6a4e29\">\n\t\t\t\t\t\t<div class=\"pp-grid-item\">\n\t\t\t\t\t\t\t\t\t\t\t\t\t<a href=\"https:\/\/country-flags.org\/de\/continent\/europa\/\">\n\t\t\t\t\t\t\t<img decoding=\"async\" src=\"https:\/\/country-flags.org\/wp-content\/uploads\/2022\/12\/europe-300x300.webp\" alt=\"Europa\" \/>\t\t\t\t\t\t\t<\/a>\n\t\t\t\t\t\t\t\t\t\t\t\t\t<\/div>\n\t\t\t\t\t\t\t\t\t\t\t\t\t<div class=\"pp-logo-grid-title\">\n\t\t\t\t\t\t\t\t\t\t\t\t\t\t\t<a href=\"https:\/\/country-flags.org\/de\/continent\/europa\/\">\n\t\t\t\t\t\t\t\tEuropa<br><p style=\"font-size:11px\">(54 L\u00e4nder)\t\t\t\t\t\t\t\t<\/a>\n\t\t\t\t\t\t\t\t\t\t\t\t\t\t\t<\/div>\n\t\t\t\t\t\t\t\t\t\t\t\t<\/div>\n\t\t\t\t\t\t\t\t\t\t<div class=\"pp-grid-item-wrap elementor-repeater-item-1aee0ee\">\n\t\t\t\t\t\t<div class=\"pp-grid-item\">\n\t\t\t\t\t\t\t\t\t\t\t\t\t<a href=\"https:\/\/country-flags.org\/de\/continent\/north-america\/\">\n\t\t\t\t\t\t\t<img decoding=\"async\" src=\"https:\/\/country-flags.org\/wp-content\/uploads\/2022\/12\/north-america-300x300.webp\" alt=\"North America\" \/>\t\t\t\t\t\t\t<\/a>\n\t\t\t\t\t\t\t\t\t\t\t\t\t<\/div>\n\t\t\t\t\t\t\t\t\t\t\t\t\t<div class=\"pp-logo-grid-title\">\n\t\t\t\t\t\t\t\t\t\t\t\t\t\t\t<a href=\"https:\/\/country-flags.org\/de\/continent\/north-america\/\">\n\t\t\t\t\t\t\t\tNorth America<br><p style=\"font-size:11px\">(41 L\u00e4nder)\t\t\t\t\t\t\t\t<\/a>\n\t\t\t\t\t\t\t\t\t\t\t\t\t\t\t<\/div>\n\t\t\t\t\t\t\t\t\t\t\t\t<\/div>\n\t\t\t\t\t\t\t\t\t\t<div class=\"pp-grid-item-wrap elementor-repeater-item-241a811\">\n\t\t\t\t\t\t<div class=\"pp-grid-item\">\n\t\t\t\t\t\t\t\t\t\t\t\t\t<a href=\"https:\/\/country-flags.org\/de\/continent\/ozeanien\/\">\n\t\t\t\t\t\t\t<img decoding=\"async\" src=\"https:\/\/country-flags.org\/wp-content\/uploads\/2022\/12\/oceania-300x300.webp\" alt=\"Ozeanien\" \/>\t\t\t\t\t\t\t<\/a>\n\t\t\t\t\t\t\t\t\t\t\t\t\t<\/div>\n\t\t\t\t\t\t\t\t\t\t\t\t\t<div class=\"pp-logo-grid-title\">\n\t\t\t\t\t\t\t\t\t\t\t\t\t\t\t<a href=\"https:\/\/country-flags.org\/de\/continent\/ozeanien\/\">\n\t\t\t\t\t\t\t\tOzeanien<br><p style=\"font-size:11px\">(28 L\u00e4nder)\t\t\t\t\t\t\t\t<\/a>\n\t\t\t\t\t\t\t\t\t\t\t\t\t\t\t<\/div>\n\t\t\t\t\t\t\t\t\t\t\t\t<\/div>\n\t\t\t\t\t\t\t\t\t\t<div class=\"pp-grid-item-wrap elementor-repeater-item-e843422\">\n\t\t\t\t\t\t<div class=\"pp-grid-item\">\n\t\t\t\t\t\t\t\t\t\t\t\t\t<a href=\"https:\/\/country-flags.org\/de\/continent\/south-america\/\">\n\t\t\t\t\t\t\t<img decoding=\"async\" src=\"https:\/\/country-flags.org\/wp-content\/uploads\/2022\/12\/south-america-300x300.webp\" alt=\"south america\" \/>\t\t\t\t\t\t\t<\/a>\n\t\t\t\t\t\t\t\t\t\t\t\t\t<\/div>\n\t\t\t\t\t\t\t\t\t\t\t\t\t<div class=\"pp-logo-grid-title\">\n\t\t\t\t\t\t\t\t\t\t\t\t\t\t\t<a href=\"https:\/\/country-flags.org\/de\/continent\/south-america\/\">\n\t\t\t\t\t\t\t\tSouth America<br><p style=\"font-size:11px\">(15 L\u00e4nder)\t\t\t\t\t\t\t\t<\/a>\n\t\t\t\t\t\t\t\t\t\t\t\t\t\t\t<\/div>\n\t\t\t\t\t\t\t\t\t\t\t\t<\/div>\n\t\t\t\t\t\t\t\t\t\t<div class=\"pp-grid-item-wrap elementor-repeater-item-27e42eb\">\n\t\t\t\t\t\t<div class=\"pp-grid-item\">\n\t\t\t\t\t\t\t\t\t\t\t\t\t<a href=\"https:\/\/country-flags.org\/de\/continent\/antarktis\/\">\n\t\t\t\t\t\t\t<img decoding=\"async\" src=\"https:\/\/country-flags.org\/wp-content\/uploads\/2022\/12\/antarctica-1-300x300.webp\" alt=\"Antarktis\" \/>\t\t\t\t\t\t\t<\/a>\n\t\t\t\t\t\t\t\t\t\t\t\t\t<\/div>\n\t\t\t\t\t\t\t\t\t\t\t\t\t<div class=\"pp-logo-grid-title\">\n\t\t\t\t\t\t\t\t\t\t\t\t\t\t\t<a href=\"https:\/\/country-flags.org\/de\/continent\/antarktis\/\">\n\t\t\t\t\t\t\t\tAntarktis<br><p style=\"font-size:11px\">(0 Staaten)\t\t\t\t\t\t\t\t<\/a>\n\t\t\t\t\t\t\t\t\t\t\t\t\t\t\t<\/div>\n\t\t\t\t\t\t\t\t\t\t\t\t<\/div>\n\t\t\t\t\t\t\t<\/div>\n\t\t\t\t<\/div>\n\t\t\t\t<\/div>\n\t\t\t\t\t<\/div>\n\t\t<\/div>\n\t\t\t\t\t\t\t<\/div>\n\t\t<\/section>\n\t\t\t\t\t\t\t<\/div>","protected":false},"excerpt":{"rendered":"<p>Continents There are seven continents on Earth, each with its own unique geography, culture, and history. Asia is the largest continent, covering nearly 10 million square miles. It is home to a diverse range of cultures and traditions, including those of China, India, Japan, and the Middle East. Africa is the second largest continent, covering &hellip;<\/p>\n<p class=\"read-more\"> <a class=\"\" href=\"https:\/\/country-flags.org\/de\/continent\/\"> <span class=\"screen-reader-text\">Kontinent<\/span> Read More \u00bb<\/a><\/p>","protected":false},"author":1,"featured_media":697,"parent":0,"menu_order":0,"comment_status":"closed","ping_status":"closed","template":"","meta":{"site-sidebar-layout":"right-sidebar","site-content-layout":"boxed-container","ast-main-header-display":"","ast-hfb-above-header-display":"","ast-hfb-below-header-display":"","ast-hfb-mobile-header-display":"","site-post-title":"disabled","ast-breadcrumbs-content":"","ast-featured-img":"disabled","footer-sml-layout":"","theme-transparent-header-meta":"default","adv-header-id-meta":"","stick-header-meta":"","header-above-stick-meta":"","header-main-stick-meta":"","header-below-stick-meta":"","footnotes":""},"class_list":["post-176","page","type-page","status-publish","has-post-thumbnail","hentry"],"_links":{"self":[{"href":"https:\/\/country-flags.org\/de\/wp-json\/wp\/v2\/pages\/176","targetHints":{"allow":["GET"]}}],"collection":[{"href":"https:\/\/country-flags.org\/de\/wp-json\/wp\/v2\/pages"}],"about":[{"href":"https:\/\/country-flags.org\/de\/wp-json\/wp\/v2\/types\/page"}],"author":[{"embeddable":true,"href":"https:\/\/country-flags.org\/de\/wp-json\/wp\/v2\/users\/1"}],"replies":[{"embeddable":true,"href":"https:\/\/country-flags.org\/de\/wp-json\/wp\/v2\/comments?post=176"}],"version-history":[{"count":60,"href":"https:\/\/country-flags.org\/de\/wp-json\/wp\/v2\/pages\/176\/revisions"}],"predecessor-version":[{"id":4557,"href":"https:\/\/country-flags.org\/de\/wp-json\/wp\/v2\/pages\/176\/revisions\/4557"}],"wp:featuredmedia":[{"embeddable":true,"href":"https:\/\/country-flags.org\/de\/wp-json\/wp\/v2\/media\/697"}],"wp:attachment":[{"href":"https:\/\/country-flags.org\/de\/wp-json\/wp\/v2\/media?parent=176"}],"curies":[{"name":"wp","href":"https:\/\/api.w.org\/{rel}","templated":true}]}}